{"id":61698,"date":"2026-04-17T06:30:57","date_gmt":"2026-04-17T06:30:57","guid":{"rendered":"https:\/\/salonselements.com\/?post_type=product&#038;p=61698"},"modified":"2026-04-17T06:53:13","modified_gmt":"2026-04-17T06:53:13","slug":"zocalo-ft18-copy","status":"publish","type":"product","link":"https:\/\/salonselements.com\/es\/produkts\/zocalo-ft18-copy\/","title":{"rendered":"Z\u00f3calo FT8"},"content":{"rendered":"<p><span data-sheets-root=\"1\">El rodapi\u00e9 FT8, fabricado con material Polyforce, aporta un toque sofisticado al interior. Gracias a las propiedades del material, el rodapi\u00e9 es ligero, resistente a la humedad y a la radiaci\u00f3n UV, lo que garantiza su durabilidad y una f\u00e1cil instalaci\u00f3n.<\/span><\/p>\n","protected":false},"excerpt":{"rendered":"<p>El rodapi\u00e9 FT8, fabricado con material Polyforce, aporta un toque sofisticado al interior. Gracias a las propiedades del material, el rodapi\u00e9 es ligero, resistente a la humedad y a la radiaci\u00f3n UV, lo que garantiza su durabilidad y una f\u00e1cil instalaci\u00f3n.<\/p>\n","protected":false},"featured_media":61703,"template":"","meta":{"_acf_changed":false},"product_brand":[],"product_cat":[10240],"product_tag":[],"class_list":{"0":"post-61698","1":"product","2":"type-product","3":"status-publish","4":"has-post-thumbnail","6":"product_cat-rodapies","7":"pa_augstums-80mm-es","8":"pa_garums-2000mm-es","9":"pa_materials-polyforce-es","10":"pa_platums-14mm-es","11":"pa_razotajs-nmc-es","13":"first","14":"instock","15":"shipping-taxable","16":"purchasable","17":"product-type-simple"},"acf":[],"_links":{"self":[{"href":"https:\/\/salonselements.com\/es\/wp-json\/wp\/v2\/product\/61698","targetHints":{"allow":["GET"]}}],"collection":[{"href":"https:\/\/salonselements.com\/es\/wp-json\/wp\/v2\/product"}],"about":[{"href":"https:\/\/salonselements.com\/es\/wp-json\/wp\/v2\/types\/product"}],"wp:featuredmedia":[{"embeddable":true,"href":"https:\/\/salonselements.com\/es\/wp-json\/wp\/v2\/media\/61703"}],"wp:attachment":[{"href":"https:\/\/salonselements.com\/es\/wp-json\/wp\/v2\/media?parent=61698"}],"wp:term":[{"taxonomy":"product_brand","embeddable":true,"href":"https:\/\/salonselements.com\/es\/wp-json\/wp\/v2\/product_brand?post=61698"},{"taxonomy":"product_cat","embeddable":true,"href":"https:\/\/salonselements.com\/es\/wp-json\/wp\/v2\/product_cat?post=61698"},{"taxonomy":"product_tag","embeddable":true,"href":"https:\/\/salonselements.com\/es\/wp-json\/wp\/v2\/product_tag?post=61698"}],"curies":[{"name":"wp","href":"https:\/\/api.w.org\/{rel}","templated":true}]}}