{"id":61519,"date":"2026-03-20T10:51:03","date_gmt":"2026-03-20T10:51:03","guid":{"rendered":"https:\/\/salonselements.com\/?post_type=product&#038;p=61519"},"modified":"2026-03-20T11:09:48","modified_gmt":"2026-03-20T11:09:48","slug":"anel-de-pared-1-59-901-copy","status":"publish","type":"product","link":"https:\/\/salonselements.com\/es\/produkts\/anel-de-pared-1-59-901-copy\/","title":{"rendered":"anel de pared 1.59.903"},"content":{"rendered":"<p>El panel de pared 1.59.903, es una soluci\u00f3n moderna para crear detalles en interiores. La forma del riel aporta a las paredes una textura refinada, mientras que su expresiva estructura tridimensional ampl\u00eda visualmente el espacio, aportando profundidad y volumen. Gracias a las propiedades \u00fanicas del material, es ligero, resistente al agua y a la radiaci\u00f3n ultravioleta, lo que garantiza una larga vida \u00fatil y una f\u00e1cil instalaci\u00f3n.<\/p>\n","protected":false},"excerpt":{"rendered":"<p>El panel de pared 1.59.903, es una soluci\u00f3n moderna para crear detalles en interiores. La forma del riel aporta a las paredes una textura refinada, mientras que su expresiva estructura tridimensional ampl\u00eda visualmente el espacio, aportando profundidad y volumen. Gracias a las propiedades \u00fanicas del material, es ligero, resistente al agua y a la radiaci\u00f3n [&hellip;]<\/p>\n","protected":false},"featured_media":61536,"template":"","meta":{"_acf_changed":false},"product_brand":[],"product_cat":[10259],"product_tag":[],"class_list":{"0":"post-61519","1":"product","2":"type-product","3":"status-publish","4":"has-post-thumbnail","6":"product_cat-paneles-de-pared","7":"pa_dzilums-30mm-es","8":"pa_materials-poliuretans-es","9":"pa_razotajs-gaudi-decor","11":"first","12":"instock","13":"shipping-taxable","14":"purchasable","15":"product-type-simple"},"acf":[],"_links":{"self":[{"href":"https:\/\/salonselements.com\/es\/wp-json\/wp\/v2\/product\/61519","targetHints":{"allow":["GET"]}}],"collection":[{"href":"https:\/\/salonselements.com\/es\/wp-json\/wp\/v2\/product"}],"about":[{"href":"https:\/\/salonselements.com\/es\/wp-json\/wp\/v2\/types\/product"}],"wp:featuredmedia":[{"embeddable":true,"href":"https:\/\/salonselements.com\/es\/wp-json\/wp\/v2\/media\/61536"}],"wp:attachment":[{"href":"https:\/\/salonselements.com\/es\/wp-json\/wp\/v2\/media?parent=61519"}],"wp:term":[{"taxonomy":"product_brand","embeddable":true,"href":"https:\/\/salonselements.com\/es\/wp-json\/wp\/v2\/product_brand?post=61519"},{"taxonomy":"product_cat","embeddable":true,"href":"https:\/\/salonselements.com\/es\/wp-json\/wp\/v2\/product_cat?post=61519"},{"taxonomy":"product_tag","embeddable":true,"href":"https:\/\/salonselements.com\/es\/wp-json\/wp\/v2\/product_tag?post=61519"}],"curies":[{"name":"wp","href":"https:\/\/api.w.org\/{rel}","templated":true}]}}