{"id":61398,"date":"2026-03-19T09:09:00","date_gmt":"2026-03-19T09:09:00","guid":{"rendered":"https:\/\/salonselements.com\/?post_type=product&#038;p=61398"},"modified":"2026-03-19T09:41:37","modified_gmt":"2026-03-19T09:41:37","slug":"anel-de-pared-wp005-aria-copy","status":"publish","type":"product","link":"https:\/\/salonselements.com\/es\/produkts\/anel-de-pared-wp005-aria-copy\/","title":{"rendered":"anel de pared ALLEGRETTINO"},"content":{"rendered":"<p>El panel de pared ALLEGRETTINO, es una soluci\u00f3n moderna para crear detalles en interiores. La forma del riel aporta a las paredes una textura refinada, mientras que su expresiva estructura tridimensional ampl\u00eda visualmente el espacio, aportando profundidad y volumen. Gracias a las propiedades \u00fanicas del material, es ligero, resistente al agua y a la radiaci\u00f3n ultravioleta, lo que garantiza una larga vida \u00fatil y una f\u00e1cil instalaci\u00f3n.<\/p>\n","protected":false},"excerpt":{"rendered":"<p>El panel de pared ALLEGRETTINO, es una soluci\u00f3n moderna para crear detalles en interiores. La forma del riel aporta a las paredes una textura refinada, mientras que su expresiva estructura tridimensional ampl\u00eda visualmente el espacio, aportando profundidad y volumen. Gracias a las propiedades \u00fanicas del material, es ligero, resistente al agua y a la radiaci\u00f3n [&hellip;]<\/p>\n","protected":false},"featured_media":61403,"template":"","meta":{"_acf_changed":false},"product_brand":[],"product_cat":[10259],"product_tag":[],"class_list":{"0":"post-61398","1":"product","2":"type-product","3":"status-publish","4":"has-post-thumbnail","6":"product_cat-paneles-de-pared","7":"pa_augstums-2000mm-es","8":"pa_materials-poliuretans-es","9":"pa_platums-300-mm-es","10":"pa_razotajs-nmc-es","12":"first","13":"instock","14":"shipping-taxable","15":"purchasable","16":"product-type-simple"},"acf":[],"_links":{"self":[{"href":"https:\/\/salonselements.com\/es\/wp-json\/wp\/v2\/product\/61398","targetHints":{"allow":["GET"]}}],"collection":[{"href":"https:\/\/salonselements.com\/es\/wp-json\/wp\/v2\/product"}],"about":[{"href":"https:\/\/salonselements.com\/es\/wp-json\/wp\/v2\/types\/product"}],"wp:featuredmedia":[{"embeddable":true,"href":"https:\/\/salonselements.com\/es\/wp-json\/wp\/v2\/media\/61403"}],"wp:attachment":[{"href":"https:\/\/salonselements.com\/es\/wp-json\/wp\/v2\/media?parent=61398"}],"wp:term":[{"taxonomy":"product_brand","embeddable":true,"href":"https:\/\/salonselements.com\/es\/wp-json\/wp\/v2\/product_brand?post=61398"},{"taxonomy":"product_cat","embeddable":true,"href":"https:\/\/salonselements.com\/es\/wp-json\/wp\/v2\/product_cat?post=61398"},{"taxonomy":"product_tag","embeddable":true,"href":"https:\/\/salonselements.com\/es\/wp-json\/wp\/v2\/product_tag?post=61398"}],"curies":[{"name":"wp","href":"https:\/\/api.w.org\/{rel}","templated":true}]}}