{"id":60862,"date":"2025-04-10T10:55:12","date_gmt":"2025-04-10T10:55:12","guid":{"rendered":"https:\/\/salonselements.lv\/produkts\/cornisa-ql024\/"},"modified":"2025-09-01T17:05:03","modified_gmt":"2025-09-01T17:05:03","slug":"cornisa-ql024","status":"publish","type":"product","link":"https:\/\/salonselements.com\/es\/produkts\/cornisa-ql024\/","title":{"rendered":"Cornisa QL024"},"content":{"rendered":"<p><span data-sheets-root=\"1\">Cornisa QL024: perfil moderno fabricado con material PolyForce. Gracias a sus propiedades \u00fanicas, es ligero, extremadamente resistente a la humedad y a la luz ultravioleta, lo que garantiza su larga duraci\u00f3n y f\u00e1cil instalaci\u00f3n.<\/span><\/p>\n","protected":false},"excerpt":{"rendered":"<p>Cornisa QL024: perfil moderno fabricado con material PolyForce. Gracias a sus propiedades \u00fanicas, es ligero, extremadamente resistente a la humedad y a la luz ultravioleta, lo que garantiza su larga duraci\u00f3n y f\u00e1cil instalaci\u00f3n.<\/p>\n","protected":false},"featured_media":49593,"template":"","meta":{"_acf_changed":false},"product_brand":[],"product_cat":[10234,10235],"product_tag":[],"class_list":{"0":"post-60862","1":"product","2":"type-product","3":"status-publish","4":"has-post-thumbnail","6":"product_cat-cornisas-de-techo","7":"product_cat-cornisas-de-perfil-liso","8":"pa_augstums-30mm-es-2","9":"pa_garums-2000mm-es","10":"pa_materials-polyforce-es","11":"pa_platums-85mm-es","12":"pa_razotajs-mardom-decor-es","14":"first","15":"instock","16":"shipping-taxable","17":"purchasable","18":"product-type-simple"},"acf":[],"_links":{"self":[{"href":"https:\/\/salonselements.com\/es\/wp-json\/wp\/v2\/product\/60862","targetHints":{"allow":["GET"]}}],"collection":[{"href":"https:\/\/salonselements.com\/es\/wp-json\/wp\/v2\/product"}],"about":[{"href":"https:\/\/salonselements.com\/es\/wp-json\/wp\/v2\/types\/product"}],"wp:featuredmedia":[{"embeddable":true,"href":"https:\/\/salonselements.com\/es\/wp-json\/wp\/v2\/media\/49593"}],"wp:attachment":[{"href":"https:\/\/salonselements.com\/es\/wp-json\/wp\/v2\/media?parent=60862"}],"wp:term":[{"taxonomy":"product_brand","embeddable":true,"href":"https:\/\/salonselements.com\/es\/wp-json\/wp\/v2\/product_brand?post=60862"},{"taxonomy":"product_cat","embeddable":true,"href":"https:\/\/salonselements.com\/es\/wp-json\/wp\/v2\/product_cat?post=60862"},{"taxonomy":"product_tag","embeddable":true,"href":"https:\/\/salonselements.com\/es\/wp-json\/wp\/v2\/product_tag?post=60862"}],"curies":[{"name":"wp","href":"https:\/\/api.w.org\/{rel}","templated":true}]}}