{"id":60823,"date":"2025-04-10T10:24:11","date_gmt":"2025-04-10T10:24:11","guid":{"rendered":"https:\/\/salonselements.lv\/produkts\/cornisa-de-cortina-ql025\/"},"modified":"2025-09-01T17:05:58","modified_gmt":"2025-09-01T17:05:58","slug":"cornisa-de-cortina-ql025","status":"publish","type":"product","link":"https:\/\/salonselements.com\/es\/produkts\/cornisa-de-cortina-ql025\/","title":{"rendered":"Cornisa de cortina QL025"},"content":{"rendered":"<p><span data-sheets-root=\"1\">La cornisa para cortinas QL025, fabricada con Polyforce, es una soluci\u00f3n elegante y pr\u00e1ctica para el dise\u00f1o de interiores. Su forma recta permite ocultar el riel de la cortina y crea un toque elegante en el interior. Gracias a las propiedades del material, la cornisa es ligera, extremadamente resistente a la humedad y a la luz ultravioleta, lo que garantiza su durabilidad y una f\u00e1cil instalaci\u00f3n.<\/span><\/p>\n","protected":false},"excerpt":{"rendered":"<p>La cornisa para cortinas QL025, fabricada con Polyforce, es una soluci\u00f3n elegante y pr\u00e1ctica para el dise\u00f1o de interiores. Su forma recta permite ocultar el riel de la cortina y crea un toque elegante en el interior. Gracias a las propiedades del material, la cornisa es ligera, extremadamente resistente a la humedad y a la [&hellip;]<\/p>\n","protected":false},"featured_media":60825,"template":"","meta":{"_acf_changed":false},"product_brand":[],"product_cat":[10234,10237],"product_tag":[],"class_list":{"0":"post-60823","1":"product","2":"type-product","3":"status-publish","4":"has-post-thumbnail","6":"product_cat-cornisas-de-techo","7":"product_cat-barras-de-cortina","8":"pa_augstums-110mm-es","9":"pa_garums-2000mm-es","10":"pa_materials-polyforce-es","11":"pa_platums-60mm-es","12":"pa_razotajs-mardom-decor-es","14":"first","15":"instock","16":"shipping-taxable","17":"purchasable","18":"product-type-simple"},"acf":[],"_links":{"self":[{"href":"https:\/\/salonselements.com\/es\/wp-json\/wp\/v2\/product\/60823","targetHints":{"allow":["GET"]}}],"collection":[{"href":"https:\/\/salonselements.com\/es\/wp-json\/wp\/v2\/product"}],"about":[{"href":"https:\/\/salonselements.com\/es\/wp-json\/wp\/v2\/types\/product"}],"wp:featuredmedia":[{"embeddable":true,"href":"https:\/\/salonselements.com\/es\/wp-json\/wp\/v2\/media\/60825"}],"wp:attachment":[{"href":"https:\/\/salonselements.com\/es\/wp-json\/wp\/v2\/media?parent=60823"}],"wp:term":[{"taxonomy":"product_brand","embeddable":true,"href":"https:\/\/salonselements.com\/es\/wp-json\/wp\/v2\/product_brand?post=60823"},{"taxonomy":"product_cat","embeddable":true,"href":"https:\/\/salonselements.com\/es\/wp-json\/wp\/v2\/product_cat?post=60823"},{"taxonomy":"product_tag","embeddable":true,"href":"https:\/\/salonselements.com\/es\/wp-json\/wp\/v2\/product_tag?post=60823"}],"curies":[{"name":"wp","href":"https:\/\/api.w.org\/{rel}","templated":true}]}}