{"id":60762,"date":"2023-11-28T14:03:23","date_gmt":"2023-11-28T14:03:23","guid":{"rendered":"https:\/\/salonselements.lv\/produkts\/elemento-de-fachada-zc101\/"},"modified":"2025-09-01T17:24:21","modified_gmt":"2025-09-01T17:24:21","slug":"elemento-de-fachada-zc101","status":"publish","type":"product","link":"https:\/\/salonselements.com\/es\/produkts\/elemento-de-fachada-zc101\/","title":{"rendered":"Elemento de fachada ZC101"},"content":{"rendered":"<p><span data-sheets-root=\"1\">Keystone ZC101 es un exquisito elemento decorativo fabricado con poliestireno de alta calidad y recubierto con una resistente capa protectora de masa acr\u00edlica y arena de cuarzo. Este alf\u00e9izar ser\u00e1 la opci\u00f3n perfecta para crear un toque decorativo, d\u00e1ndole a su hogar un aspecto \u00fanico y elegante.<\/p>\n<p>Los materiales utilizados en su fabricaci\u00f3n garantizan resistencia a cualquier clima, garantizando una larga vida \u00fatil. Gracias a su ligereza, las decoraciones para fachadas son f\u00e1ciles de instalar en cualquier superficie.<\/span><\/p>\n","protected":false},"excerpt":{"rendered":"<p>Keystone ZC101 es un exquisito elemento decorativo fabricado con poliestireno de alta calidad y recubierto con una resistente capa protectora de masa acr\u00edlica y arena de cuarzo. Este alf\u00e9izar ser\u00e1 la opci\u00f3n perfecta para crear un toque decorativo, d\u00e1ndole a su hogar un aspecto \u00fanico y elegante. Los materiales utilizados en su fabricaci\u00f3n garantizan resistencia [&hellip;]<\/p>\n","protected":false},"featured_media":60773,"template":"","meta":{"_acf_changed":false},"product_brand":[],"product_cat":[10250,10258],"product_tag":[],"class_list":{"0":"post-60762","1":"product","2":"type-product","3":"status-publish","4":"has-post-thumbnail","6":"product_cat-elementos-de-fachada","7":"product_cat-elementos-de-fachada-es","8":"pa_augstums-205mm-es","9":"pa_dzilums-75mm-es","10":"pa_materials-polistirols-ar-akrila-masas-slani-es","11":"pa_platums-255mm-es","12":"pa_razotajs-elite-decor-es","14":"first","15":"instock","16":"shipping-taxable","17":"purchasable","18":"product-type-simple"},"acf":[],"_links":{"self":[{"href":"https:\/\/salonselements.com\/es\/wp-json\/wp\/v2\/product\/60762","targetHints":{"allow":["GET"]}}],"collection":[{"href":"https:\/\/salonselements.com\/es\/wp-json\/wp\/v2\/product"}],"about":[{"href":"https:\/\/salonselements.com\/es\/wp-json\/wp\/v2\/types\/product"}],"wp:featuredmedia":[{"embeddable":true,"href":"https:\/\/salonselements.com\/es\/wp-json\/wp\/v2\/media\/60773"}],"wp:attachment":[{"href":"https:\/\/salonselements.com\/es\/wp-json\/wp\/v2\/media?parent=60762"}],"wp:term":[{"taxonomy":"product_brand","embeddable":true,"href":"https:\/\/salonselements.com\/es\/wp-json\/wp\/v2\/product_brand?post=60762"},{"taxonomy":"product_cat","embeddable":true,"href":"https:\/\/salonselements.com\/es\/wp-json\/wp\/v2\/product_cat?post=60762"},{"taxonomy":"product_tag","embeddable":true,"href":"https:\/\/salonselements.com\/es\/wp-json\/wp\/v2\/product_tag?post=60762"}],"curies":[{"name":"wp","href":"https:\/\/api.w.org\/{rel}","templated":true}]}}