{"id":60748,"date":"2023-12-09T14:22:39","date_gmt":"2023-12-09T14:22:39","guid":{"rendered":"https:\/\/salonselements.lv\/produkts\/panel-de-pared-wp003-vivid\/"},"modified":"2025-09-01T17:07:10","modified_gmt":"2025-09-01T17:07:10","slug":"panel-de-pared-wp003-vivid","status":"publish","type":"product","link":"https:\/\/salonselements.com\/es\/produkts\/panel-de-pared-wp003-vivid\/","title":{"rendered":"Panel de pared WP003 VIVID"},"content":{"rendered":"<p><span data-sheets-root=\"1\">Panel de pared WP003 fabricado con material Polyforce: una soluci\u00f3n moderna para crear detalles en interiores. La forma triangular del riel aporta a las paredes una textura sofisticada, mientras que su expresiva estructura tridimensional ampl\u00eda visualmente el espacio, aportando profundidad y volumen. Gracias a las propiedades \u00fanicas del material, es ligero, resistente al agua y a la radiaci\u00f3n ultravioleta, lo que garantiza una larga vida \u00fatil y un f\u00e1cil montaje.<\/span><\/p>\n","protected":false},"excerpt":{"rendered":"<p>Panel de pared WP003 fabricado con material Polyforce: una soluci\u00f3n moderna para crear detalles en interiores. La forma triangular del riel aporta a las paredes una textura sofisticada, mientras que su expresiva estructura tridimensional ampl\u00eda visualmente el espacio, aportando profundidad y volumen. Gracias a las propiedades \u00fanicas del material, es ligero, resistente al agua y [&hellip;]<\/p>\n","protected":false},"featured_media":60749,"template":"","meta":{"_acf_changed":false},"product_brand":[],"product_cat":[10259],"product_tag":[],"class_list":{"0":"post-60748","1":"product","2":"type-product","3":"status-publish","4":"has-post-thumbnail","6":"product_cat-paneles-de-pared","7":"pa_augstums-2700mm-es","8":"pa_dzilums-16mm-es","9":"pa_materials-polyforce-es","10":"pa_platums-247mm-es","11":"pa_razotajs-mardom-decor-es","13":"first","14":"instock","15":"shipping-taxable","16":"purchasable","17":"product-type-simple"},"acf":[],"_links":{"self":[{"href":"https:\/\/salonselements.com\/es\/wp-json\/wp\/v2\/product\/60748","targetHints":{"allow":["GET"]}}],"collection":[{"href":"https:\/\/salonselements.com\/es\/wp-json\/wp\/v2\/product"}],"about":[{"href":"https:\/\/salonselements.com\/es\/wp-json\/wp\/v2\/types\/product"}],"wp:featuredmedia":[{"embeddable":true,"href":"https:\/\/salonselements.com\/es\/wp-json\/wp\/v2\/media\/60749"}],"wp:attachment":[{"href":"https:\/\/salonselements.com\/es\/wp-json\/wp\/v2\/media?parent=60748"}],"wp:term":[{"taxonomy":"product_brand","embeddable":true,"href":"https:\/\/salonselements.com\/es\/wp-json\/wp\/v2\/product_brand?post=60748"},{"taxonomy":"product_cat","embeddable":true,"href":"https:\/\/salonselements.com\/es\/wp-json\/wp\/v2\/product_cat?post=60748"},{"taxonomy":"product_tag","embeddable":true,"href":"https:\/\/salonselements.com\/es\/wp-json\/wp\/v2\/product_tag?post=60748"}],"curies":[{"name":"wp","href":"https:\/\/api.w.org\/{rel}","templated":true}]}}