{"id":60700,"date":"2023-12-09T14:22:33","date_gmt":"2023-12-09T14:22:33","guid":{"rendered":"https:\/\/salonselements.lv\/produkts\/panel-de-pared-wp001-duna\/"},"modified":"2025-09-01T17:07:10","modified_gmt":"2025-09-01T17:07:10","slug":"panel-de-pared-wp001-duna","status":"publish","type":"product","link":"https:\/\/salonselements.com\/es\/produkts\/panel-de-pared-wp001-duna\/","title":{"rendered":"Panel de pared WP001 DUNA"},"content":{"rendered":"<p><span data-sheets-root=\"1\">El panel de pared WP001, fabricado con Polyforce, es una soluci\u00f3n moderna para crear detalles en interiores. La forma semicircular curva de las tiras aporta a las paredes una textura sofisticada, mientras que su expresiva estructura tridimensional ampl\u00eda visualmente el espacio, d\u00e1ndole profundidad y volumen. Gracias a las propiedades \u00fanicas del material, es ligero y ofrece una excelente resistencia a la humedad y a los rayos UV, lo que garantiza su durabilidad y facilidad de instalaci\u00f3n.<\/span><\/p>\n","protected":false},"excerpt":{"rendered":"<p>El panel de pared WP001, fabricado con Polyforce, es una soluci\u00f3n moderna para crear detalles en interiores. La forma semicircular curva de las tiras aporta a las paredes una textura sofisticada, mientras que su expresiva estructura tridimensional ampl\u00eda visualmente el espacio, d\u00e1ndole profundidad y volumen. Gracias a las propiedades \u00fanicas del material, es ligero y [&hellip;]<\/p>\n","protected":false},"featured_media":60709,"template":"","meta":{"_acf_changed":false},"product_brand":[],"product_cat":[10259],"product_tag":[],"class_list":{"0":"post-60700","1":"product","2":"type-product","3":"status-publish","4":"has-post-thumbnail","6":"product_cat-paneles-de-pared","7":"pa_augstums-2700mm-es","8":"pa_dzilums-13mm-es","9":"pa_materials-polyforce-es","10":"pa_platums-247mm-es","11":"pa_razotajs-mardom-decor-es","13":"first","14":"instock","15":"shipping-taxable","16":"purchasable","17":"product-type-simple"},"acf":[],"_links":{"self":[{"href":"https:\/\/salonselements.com\/es\/wp-json\/wp\/v2\/product\/60700","targetHints":{"allow":["GET"]}}],"collection":[{"href":"https:\/\/salonselements.com\/es\/wp-json\/wp\/v2\/product"}],"about":[{"href":"https:\/\/salonselements.com\/es\/wp-json\/wp\/v2\/types\/product"}],"wp:featuredmedia":[{"embeddable":true,"href":"https:\/\/salonselements.com\/es\/wp-json\/wp\/v2\/media\/60709"}],"wp:attachment":[{"href":"https:\/\/salonselements.com\/es\/wp-json\/wp\/v2\/media?parent=60700"}],"wp:term":[{"taxonomy":"product_brand","embeddable":true,"href":"https:\/\/salonselements.com\/es\/wp-json\/wp\/v2\/product_brand?post=60700"},{"taxonomy":"product_cat","embeddable":true,"href":"https:\/\/salonselements.com\/es\/wp-json\/wp\/v2\/product_cat?post=60700"},{"taxonomy":"product_tag","embeddable":true,"href":"https:\/\/salonselements.com\/es\/wp-json\/wp\/v2\/product_tag?post=60700"}],"curies":[{"name":"wp","href":"https:\/\/api.w.org\/{rel}","templated":true}]}}