{"id":60586,"date":"2023-11-28T14:10:30","date_gmt":"2023-11-28T14:10:30","guid":{"rendered":"https:\/\/salonselements.lv\/produkts\/roseton-de-techo-r127\/"},"modified":"2025-09-01T17:18:29","modified_gmt":"2025-09-01T17:18:29","slug":"roseton-de-techo-r127","status":"publish","type":"product","link":"https:\/\/salonselements.com\/es\/produkts\/roseton-de-techo-r127\/","title":{"rendered":"Roset\u00f3n de techo R127"},"content":{"rendered":"<p><span data-sheets-root=\"1\">Roset\u00f3n de poliuretano R127. Decoraci\u00f3n de techo de estilo cl\u00e1sico con un elegante estampado en relieve. Gracias a las propiedades \u00fanicas del material, es ligero, resistente a la humedad y a los rayos UV, lo que garantiza su durabilidad y facilidad de instalaci\u00f3n.<\/span><\/p>\n","protected":false},"excerpt":{"rendered":"<p>Roset\u00f3n de poliuretano R127. Decoraci\u00f3n de techo de estilo cl\u00e1sico con un elegante estampado en relieve. Gracias a las propiedades \u00fanicas del material, es ligero, resistente a la humedad y a los rayos UV, lo que garantiza su durabilidad y facilidad de instalaci\u00f3n.<\/p>\n","protected":false},"featured_media":60591,"template":"","meta":{"_acf_changed":false},"product_brand":[],"product_cat":[10242],"product_tag":[],"class_list":{"0":"post-60586","1":"product","2":"type-product","3":"status-publish","4":"has-post-thumbnail","6":"product_cat-decoracion-del-techo","7":"pa_materials-poliuretans-es","8":"pa_razotajs-elite-decor-es","10":"first","11":"instock","12":"shipping-taxable","13":"purchasable","14":"product-type-simple"},"acf":[],"_links":{"self":[{"href":"https:\/\/salonselements.com\/es\/wp-json\/wp\/v2\/product\/60586","targetHints":{"allow":["GET"]}}],"collection":[{"href":"https:\/\/salonselements.com\/es\/wp-json\/wp\/v2\/product"}],"about":[{"href":"https:\/\/salonselements.com\/es\/wp-json\/wp\/v2\/types\/product"}],"wp:featuredmedia":[{"embeddable":true,"href":"https:\/\/salonselements.com\/es\/wp-json\/wp\/v2\/media\/60591"}],"wp:attachment":[{"href":"https:\/\/salonselements.com\/es\/wp-json\/wp\/v2\/media?parent=60586"}],"wp:term":[{"taxonomy":"product_brand","embeddable":true,"href":"https:\/\/salonselements.com\/es\/wp-json\/wp\/v2\/product_brand?post=60586"},{"taxonomy":"product_cat","embeddable":true,"href":"https:\/\/salonselements.com\/es\/wp-json\/wp\/v2\/product_cat?post=60586"},{"taxonomy":"product_tag","embeddable":true,"href":"https:\/\/salonselements.com\/es\/wp-json\/wp\/v2\/product_tag?post=60586"}],"curies":[{"name":"wp","href":"https:\/\/api.w.org\/{rel}","templated":true}]}}