{"id":60532,"date":"2023-11-28T14:10:42","date_gmt":"2023-11-28T14:10:42","guid":{"rendered":"https:\/\/salonselements.lv\/produkts\/roseton-de-techo-r116\/"},"modified":"2025-09-01T17:18:27","modified_gmt":"2025-09-01T17:18:27","slug":"roseton-de-techo-r116","status":"publish","type":"product","link":"https:\/\/salonselements.com\/es\/produkts\/roseton-de-techo-r116\/","title":{"rendered":"Roset\u00f3n de techo R116"},"content":{"rendered":"<p><span data-sheets-root=\"1\">Roset\u00f3n de techo de poliuretano R116. Decoraci\u00f3n de techo de estilo cl\u00e1sico con un elegante estampado en relieve. Gracias a las propiedades \u00fanicas del material, es ligero, resistente a la humedad y a los rayos UV, lo que garantiza su durabilidad y facilidad de instalaci\u00f3n.<\/span><\/p>\n","protected":false},"excerpt":{"rendered":"<p>Roset\u00f3n de techo de poliuretano R116. Decoraci\u00f3n de techo de estilo cl\u00e1sico con un elegante estampado en relieve. Gracias a las propiedades \u00fanicas del material, es ligero, resistente a la humedad y a los rayos UV, lo que garantiza su durabilidad y facilidad de instalaci\u00f3n.<\/p>\n","protected":false},"featured_media":60537,"template":"","meta":{"_acf_changed":false},"product_brand":[],"product_cat":[10242],"product_tag":[],"class_list":{"0":"post-60532","1":"product","2":"type-product","3":"status-publish","4":"has-post-thumbnail","6":"product_cat-decoracion-del-techo","7":"pa_diametrs-300mm-es","8":"pa_materials-poliuretans-es","9":"pa_razotajs-elite-decor-es","11":"first","12":"instock","13":"shipping-taxable","14":"purchasable","15":"product-type-simple"},"acf":[],"_links":{"self":[{"href":"https:\/\/salonselements.com\/es\/wp-json\/wp\/v2\/product\/60532","targetHints":{"allow":["GET"]}}],"collection":[{"href":"https:\/\/salonselements.com\/es\/wp-json\/wp\/v2\/product"}],"about":[{"href":"https:\/\/salonselements.com\/es\/wp-json\/wp\/v2\/types\/product"}],"wp:featuredmedia":[{"embeddable":true,"href":"https:\/\/salonselements.com\/es\/wp-json\/wp\/v2\/media\/60537"}],"wp:attachment":[{"href":"https:\/\/salonselements.com\/es\/wp-json\/wp\/v2\/media?parent=60532"}],"wp:term":[{"taxonomy":"product_brand","embeddable":true,"href":"https:\/\/salonselements.com\/es\/wp-json\/wp\/v2\/product_brand?post=60532"},{"taxonomy":"product_cat","embeddable":true,"href":"https:\/\/salonselements.com\/es\/wp-json\/wp\/v2\/product_cat?post=60532"},{"taxonomy":"product_tag","embeddable":true,"href":"https:\/\/salonselements.com\/es\/wp-json\/wp\/v2\/product_tag?post=60532"}],"curies":[{"name":"wp","href":"https:\/\/api.w.org\/{rel}","templated":true}]}}