{"id":60507,"date":"2023-11-28T14:10:05","date_gmt":"2023-11-28T14:10:05","guid":{"rendered":"https:\/\/salonselements.lv\/produkts\/roseton-de-techo-r109\/"},"modified":"2025-09-01T17:18:53","modified_gmt":"2025-09-01T17:18:53","slug":"roseton-de-techo-r109","status":"publish","type":"product","link":"https:\/\/salonselements.com\/es\/produkts\/roseton-de-techo-r109\/","title":{"rendered":"Roset\u00f3n de techo R109"},"content":{"rendered":"<p><span data-sheets-root=\"1\">Roset\u00f3n de techo de poliuretano R109. Decoraci\u00f3n de techo de estilo cl\u00e1sico con un elegante estampado en relieve. Gracias a las propiedades \u00fanicas del material, es ligero, resistente a la humedad y a los rayos UV, lo que garantiza su durabilidad y facilidad de instalaci\u00f3n.<\/span><\/p>\n","protected":false},"excerpt":{"rendered":"<p>Roset\u00f3n de techo de poliuretano R109. Decoraci\u00f3n de techo de estilo cl\u00e1sico con un elegante estampado en relieve. Gracias a las propiedades \u00fanicas del material, es ligero, resistente a la humedad y a los rayos UV, lo que garantiza su durabilidad y facilidad de instalaci\u00f3n.<\/p>\n","protected":false},"featured_media":0,"template":"","meta":{"_acf_changed":false},"product_brand":[],"product_cat":[10242],"product_tag":[],"class_list":{"0":"post-60507","1":"product","2":"type-product","3":"status-publish","5":"product_cat-decoracion-del-techo","6":"pa_diametrs-495mm-es","7":"pa_materials-poliuretans-es","8":"pa_razotajs-elite-decor-es","10":"first","11":"instock","12":"shipping-taxable","13":"purchasable","14":"product-type-simple"},"acf":[],"_links":{"self":[{"href":"https:\/\/salonselements.com\/es\/wp-json\/wp\/v2\/product\/60507","targetHints":{"allow":["GET"]}}],"collection":[{"href":"https:\/\/salonselements.com\/es\/wp-json\/wp\/v2\/product"}],"about":[{"href":"https:\/\/salonselements.com\/es\/wp-json\/wp\/v2\/types\/product"}],"wp:attachment":[{"href":"https:\/\/salonselements.com\/es\/wp-json\/wp\/v2\/media?parent=60507"}],"wp:term":[{"taxonomy":"product_brand","embeddable":true,"href":"https:\/\/salonselements.com\/es\/wp-json\/wp\/v2\/product_brand?post=60507"},{"taxonomy":"product_cat","embeddable":true,"href":"https:\/\/salonselements.com\/es\/wp-json\/wp\/v2\/product_cat?post=60507"},{"taxonomy":"product_tag","embeddable":true,"href":"https:\/\/salonselements.com\/es\/wp-json\/wp\/v2\/product_tag?post=60507"}],"curies":[{"name":"wp","href":"https:\/\/api.w.org\/{rel}","templated":true}]}}