{"id":60449,"date":"2023-11-28T14:08:29","date_gmt":"2023-11-28T14:08:29","guid":{"rendered":"https:\/\/salonselements.lv\/produkts\/zocalo-qs011\/"},"modified":"2025-09-01T17:20:25","modified_gmt":"2025-09-01T17:20:25","slug":"zocalo-qs011","status":"publish","type":"product","link":"https:\/\/salonselements.com\/es\/produkts\/zocalo-qs011\/","title":{"rendered":"Z\u00f3calo QS011"},"content":{"rendered":"<p><span data-sheets-root=\"1\">El alf\u00e9izar QS011, fabricado con material Polyforce, es un perfil moderno con un dise\u00f1o moderno que aportar\u00e1 un toque elegante al interior. Sus l\u00edneas suaves realzan el estilo de la estancia sin sobrecargarla. Gracias a las propiedades del material, el alf\u00e9izar es ligero, con excelente resistencia a la humedad y a los rayos UV, lo que garantiza su durabilidad y una f\u00e1cil instalaci\u00f3n.<\/span><\/p>\n","protected":false},"excerpt":{"rendered":"<p>El alf\u00e9izar QS011, fabricado con material Polyforce, es un perfil moderno con un dise\u00f1o moderno que aportar\u00e1 un toque elegante al interior. Sus l\u00edneas suaves realzan el estilo de la estancia sin sobrecargarla. Gracias a las propiedades del material, el alf\u00e9izar es ligero, con excelente resistencia a la humedad y a los rayos UV, lo [&hellip;]<\/p>\n","protected":false},"featured_media":60459,"template":"","meta":{"_acf_changed":false},"product_brand":[],"product_cat":[10240],"product_tag":[],"class_list":{"0":"post-60449","1":"product","2":"type-product","3":"status-publish","4":"has-post-thumbnail","6":"product_cat-rodapies","7":"pa_augstums-135mm-es","8":"pa_garums-2000mm-es","9":"pa_materials-polyforce-es","10":"pa_platums-40mm-es","11":"pa_razotajs-mardom-decor-es","13":"first","14":"instock","15":"shipping-taxable","16":"purchasable","17":"product-type-simple"},"acf":[],"_links":{"self":[{"href":"https:\/\/salonselements.com\/es\/wp-json\/wp\/v2\/product\/60449","targetHints":{"allow":["GET"]}}],"collection":[{"href":"https:\/\/salonselements.com\/es\/wp-json\/wp\/v2\/product"}],"about":[{"href":"https:\/\/salonselements.com\/es\/wp-json\/wp\/v2\/types\/product"}],"wp:featuredmedia":[{"embeddable":true,"href":"https:\/\/salonselements.com\/es\/wp-json\/wp\/v2\/media\/60459"}],"wp:attachment":[{"href":"https:\/\/salonselements.com\/es\/wp-json\/wp\/v2\/media?parent=60449"}],"wp:term":[{"taxonomy":"product_brand","embeddable":true,"href":"https:\/\/salonselements.com\/es\/wp-json\/wp\/v2\/product_brand?post=60449"},{"taxonomy":"product_cat","embeddable":true,"href":"https:\/\/salonselements.com\/es\/wp-json\/wp\/v2\/product_cat?post=60449"},{"taxonomy":"product_tag","embeddable":true,"href":"https:\/\/salonselements.com\/es\/wp-json\/wp\/v2\/product_tag?post=60449"}],"curies":[{"name":"wp","href":"https:\/\/api.w.org\/{rel}","templated":true}]}}