{"id":60426,"date":"2023-11-28T14:09:44","date_gmt":"2023-11-28T14:09:44","guid":{"rendered":"https:\/\/salonselements.lv\/produkts\/zocalo-qs009\/"},"modified":"2025-09-01T17:19:14","modified_gmt":"2025-09-01T17:19:14","slug":"zocalo-qs009","status":"publish","type":"product","link":"https:\/\/salonselements.com\/es\/produkts\/zocalo-qs009\/","title":{"rendered":"Z\u00f3calo QS009"},"content":{"rendered":"<p><span data-sheets-root=\"1\">El rodapi\u00e9 QS009, fabricado con Polyforce, es un perfil moderno con una curva suave que aporta un toque sofisticado al interior. Gracias a las propiedades del material, el rodapi\u00e9 es ligero, resistente a la humedad y a la radiaci\u00f3n UV, lo que garantiza su durabilidad y una f\u00e1cil instalaci\u00f3n.<\/span><\/p>\n","protected":false},"excerpt":{"rendered":"<p>El rodapi\u00e9 QS009, fabricado con Polyforce, es un perfil moderno con una curva suave que aporta un toque sofisticado al interior. Gracias a las propiedades del material, el rodapi\u00e9 es ligero, resistente a la humedad y a la radiaci\u00f3n UV, lo que garantiza su durabilidad y una f\u00e1cil instalaci\u00f3n.<\/p>\n","protected":false},"featured_media":60437,"template":"","meta":{"_acf_changed":false},"product_brand":[],"product_cat":[10240],"product_tag":[],"class_list":{"0":"post-60426","1":"product","2":"type-product","3":"status-publish","4":"has-post-thumbnail","6":"product_cat-rodapies","7":"pa_augstums-100mm-es","8":"pa_garums-2000mm-es","9":"pa_materials-polyforce-es","10":"pa_platums-16mm-es","11":"pa_razotajs-nmc-es","13":"first","14":"instock","15":"shipping-taxable","16":"purchasable","17":"product-type-simple"},"acf":[],"_links":{"self":[{"href":"https:\/\/salonselements.com\/es\/wp-json\/wp\/v2\/product\/60426","targetHints":{"allow":["GET"]}}],"collection":[{"href":"https:\/\/salonselements.com\/es\/wp-json\/wp\/v2\/product"}],"about":[{"href":"https:\/\/salonselements.com\/es\/wp-json\/wp\/v2\/types\/product"}],"wp:featuredmedia":[{"embeddable":true,"href":"https:\/\/salonselements.com\/es\/wp-json\/wp\/v2\/media\/60437"}],"wp:attachment":[{"href":"https:\/\/salonselements.com\/es\/wp-json\/wp\/v2\/media?parent=60426"}],"wp:term":[{"taxonomy":"product_brand","embeddable":true,"href":"https:\/\/salonselements.com\/es\/wp-json\/wp\/v2\/product_brand?post=60426"},{"taxonomy":"product_cat","embeddable":true,"href":"https:\/\/salonselements.com\/es\/wp-json\/wp\/v2\/product_cat?post=60426"},{"taxonomy":"product_tag","embeddable":true,"href":"https:\/\/salonselements.com\/es\/wp-json\/wp\/v2\/product_tag?post=60426"}],"curies":[{"name":"wp","href":"https:\/\/api.w.org\/{rel}","templated":true}]}}