{"id":60368,"date":"2023-11-28T14:12:36","date_gmt":"2023-11-28T14:12:36","guid":{"rendered":"https:\/\/salonselements.lv\/produkts\/cornisa-de-cortina-ql027\/"},"modified":"2025-09-01T17:15:59","modified_gmt":"2025-09-01T17:15:59","slug":"cornisa-de-cortina-ql027","status":"publish","type":"product","link":"https:\/\/salonselements.com\/es\/produkts\/cornisa-de-cortina-ql027\/","title":{"rendered":"Cornisa de cortina QL027"},"content":{"rendered":"<p><span data-sheets-root=\"1\">La barra de cortina QL027, fabricada con material Polyforce, es una soluci\u00f3n elegante y pr\u00e1ctica para el dise\u00f1o de interiores. Su perfil curvo permite ocultar el riel de la cortina y crea un toque elegante en el interior. Gracias a las propiedades del material, la barra es ligera, extremadamente resistente a la humedad y a los rayos UV, lo que garantiza su durabilidad y una f\u00e1cil instalaci\u00f3n.<\/span><\/p>\n","protected":false},"excerpt":{"rendered":"<p>La barra de cortina QL027, fabricada con material Polyforce, es una soluci\u00f3n elegante y pr\u00e1ctica para el dise\u00f1o de interiores. Su perfil curvo permite ocultar el riel de la cortina y crea un toque elegante en el interior. Gracias a las propiedades del material, la barra es ligera, extremadamente resistente a la humedad y a [&hellip;]<\/p>\n","protected":false},"featured_media":60378,"template":"","meta":{"_acf_changed":false},"product_brand":[],"product_cat":[10234,10237],"product_tag":[],"class_list":{"0":"post-60368","1":"product","2":"type-product","3":"status-publish","4":"has-post-thumbnail","6":"product_cat-cornisas-de-techo","7":"product_cat-barras-de-cortina","8":"pa_augstums-110mm-es","9":"pa_garums-2000mm-es","10":"pa_materials-polyforce-es","11":"pa_platums-110mm-es","12":"pa_razotajs-mardom-decor-es","14":"first","15":"instock","16":"shipping-taxable","17":"purchasable","18":"product-type-simple"},"acf":[],"_links":{"self":[{"href":"https:\/\/salonselements.com\/es\/wp-json\/wp\/v2\/product\/60368","targetHints":{"allow":["GET"]}}],"collection":[{"href":"https:\/\/salonselements.com\/es\/wp-json\/wp\/v2\/product"}],"about":[{"href":"https:\/\/salonselements.com\/es\/wp-json\/wp\/v2\/types\/product"}],"wp:featuredmedia":[{"embeddable":true,"href":"https:\/\/salonselements.com\/es\/wp-json\/wp\/v2\/media\/60378"}],"wp:attachment":[{"href":"https:\/\/salonselements.com\/es\/wp-json\/wp\/v2\/media?parent=60368"}],"wp:term":[{"taxonomy":"product_brand","embeddable":true,"href":"https:\/\/salonselements.com\/es\/wp-json\/wp\/v2\/product_brand?post=60368"},{"taxonomy":"product_cat","embeddable":true,"href":"https:\/\/salonselements.com\/es\/wp-json\/wp\/v2\/product_cat?post=60368"},{"taxonomy":"product_tag","embeddable":true,"href":"https:\/\/salonselements.com\/es\/wp-json\/wp\/v2\/product_tag?post=60368"}],"curies":[{"name":"wp","href":"https:\/\/api.w.org\/{rel}","templated":true}]}}