{"id":60310,"date":"2025-05-06T14:51:27","date_gmt":"2025-05-06T14:51:27","guid":{"rendered":"https:\/\/salonselements.lv\/produkts\/cornisa-ligera-ql021\/"},"modified":"2025-09-01T17:05:03","modified_gmt":"2025-09-01T17:05:03","slug":"cornisa-ligera-ql021","status":"publish","type":"product","link":"https:\/\/salonselements.com\/es\/produkts\/cornisa-ligera-ql021\/","title":{"rendered":"Cornisa ligera QL021"},"content":{"rendered":"<p><span data-sheets-root=\"1\">El perfil QL021 para iluminaci\u00f3n LED oculta, fabricado con material Polyforce, es una soluci\u00f3n moderna para interiores. Gracias a las propiedades del material, la cornisa es ligera y ofrece una excelente resistencia a la humedad y a los rayos UV, lo que garantiza su larga vida \u00fatil y una f\u00e1cil instalaci\u00f3n.<\/span><\/p>\n","protected":false},"excerpt":{"rendered":"<p>El perfil QL021 para iluminaci\u00f3n LED oculta, fabricado con material Polyforce, es una soluci\u00f3n moderna para interiores. Gracias a las propiedades del material, la cornisa es ligera y ofrece una excelente resistencia a la humedad y a los rayos UV, lo que garantiza su larga vida \u00fatil y una f\u00e1cil instalaci\u00f3n.<\/p>\n","protected":false},"featured_media":49610,"template":"","meta":{"_acf_changed":false},"product_brand":[],"product_cat":[10239],"product_tag":[],"class_list":{"0":"post-60310","1":"product","2":"type-product","3":"status-publish","4":"has-post-thumbnail","6":"product_cat-molduras","7":"pa_augstums-20mm","8":"pa_garums-2000mm-es","9":"pa_materials-polyforce-es","10":"pa_platums-25mm-es","11":"pa_razotajs-mardom-decor-es","13":"first","14":"instock","15":"shipping-taxable","16":"purchasable","17":"product-type-simple"},"acf":[],"_links":{"self":[{"href":"https:\/\/salonselements.com\/es\/wp-json\/wp\/v2\/product\/60310","targetHints":{"allow":["GET"]}}],"collection":[{"href":"https:\/\/salonselements.com\/es\/wp-json\/wp\/v2\/product"}],"about":[{"href":"https:\/\/salonselements.com\/es\/wp-json\/wp\/v2\/types\/product"}],"wp:featuredmedia":[{"embeddable":true,"href":"https:\/\/salonselements.com\/es\/wp-json\/wp\/v2\/media\/49610"}],"wp:attachment":[{"href":"https:\/\/salonselements.com\/es\/wp-json\/wp\/v2\/media?parent=60310"}],"wp:term":[{"taxonomy":"product_brand","embeddable":true,"href":"https:\/\/salonselements.com\/es\/wp-json\/wp\/v2\/product_brand?post=60310"},{"taxonomy":"product_cat","embeddable":true,"href":"https:\/\/salonselements.com\/es\/wp-json\/wp\/v2\/product_cat?post=60310"},{"taxonomy":"product_tag","embeddable":true,"href":"https:\/\/salonselements.com\/es\/wp-json\/wp\/v2\/product_tag?post=60310"}],"curies":[{"name":"wp","href":"https:\/\/api.w.org\/{rel}","templated":true}]}}