{"id":60241,"date":"2023-11-28T14:07:56","date_gmt":"2023-11-28T14:07:56","guid":{"rendered":"https:\/\/salonselements.lv\/produkts\/cornisa-de-luz-ql010\/"},"modified":"2025-09-01T17:20:26","modified_gmt":"2025-09-01T17:20:26","slug":"cornisa-de-luz-ql010","status":"publish","type":"product","link":"https:\/\/salonselements.com\/es\/produkts\/cornisa-de-luz-ql010\/","title":{"rendered":"Cornisa de luz QL010"},"content":{"rendered":"<p><span data-sheets-root=\"1\">La cornisa QL010 para iluminaci\u00f3n LED oculta, fabricada con material Polyforce, es una soluci\u00f3n moderna para interiores. Gracias a las propiedades del material, es ligera y ofrece una excelente resistencia a la humedad y a los rayos UV, lo que garantiza su larga vida \u00fatil y una f\u00e1cil instalaci\u00f3n.<\/span><\/p>\n","protected":false},"excerpt":{"rendered":"<p>La cornisa QL010 para iluminaci\u00f3n LED oculta, fabricada con material Polyforce, es una soluci\u00f3n moderna para interiores. Gracias a las propiedades del material, es ligera y ofrece una excelente resistencia a la humedad y a los rayos UV, lo que garantiza su larga vida \u00fatil y una f\u00e1cil instalaci\u00f3n.<\/p>\n","protected":false},"featured_media":60242,"template":"","meta":{"_acf_changed":false},"product_brand":[],"product_cat":[10241],"product_tag":[],"class_list":{"0":"post-60241","1":"product","2":"type-product","3":"status-publish","4":"has-post-thumbnail","6":"product_cat-cornisas-ligeras","7":"pa_augstums-12mm","8":"pa_garums-2000mm-es","9":"pa_materials-polyforce-es","10":"pa_platums-42mm-es","11":"pa_razotajs-mardom-decor-es","13":"first","14":"instock","15":"shipping-taxable","16":"purchasable","17":"product-type-simple"},"acf":[],"_links":{"self":[{"href":"https:\/\/salonselements.com\/es\/wp-json\/wp\/v2\/product\/60241","targetHints":{"allow":["GET"]}}],"collection":[{"href":"https:\/\/salonselements.com\/es\/wp-json\/wp\/v2\/product"}],"about":[{"href":"https:\/\/salonselements.com\/es\/wp-json\/wp\/v2\/types\/product"}],"wp:featuredmedia":[{"embeddable":true,"href":"https:\/\/salonselements.com\/es\/wp-json\/wp\/v2\/media\/60242"}],"wp:attachment":[{"href":"https:\/\/salonselements.com\/es\/wp-json\/wp\/v2\/media?parent=60241"}],"wp:term":[{"taxonomy":"product_brand","embeddable":true,"href":"https:\/\/salonselements.com\/es\/wp-json\/wp\/v2\/product_brand?post=60241"},{"taxonomy":"product_cat","embeddable":true,"href":"https:\/\/salonselements.com\/es\/wp-json\/wp\/v2\/product_cat?post=60241"},{"taxonomy":"product_tag","embeddable":true,"href":"https:\/\/salonselements.com\/es\/wp-json\/wp\/v2\/product_tag?post=60241"}],"curies":[{"name":"wp","href":"https:\/\/api.w.org\/{rel}","templated":true}]}}