{"id":60162,"date":"2023-11-28T14:05:52","date_gmt":"2023-11-28T14:05:52","guid":{"rendered":"https:\/\/salonselements.lv\/produkts\/pilastra-pc109\/"},"modified":"2025-09-01T17:21:33","modified_gmt":"2025-09-01T17:21:33","slug":"pilastra-pc109","status":"publish","type":"product","link":"https:\/\/salonselements.com\/es\/produkts\/pilastra-pc109\/","title":{"rendered":"Pilastra PC109"},"content":{"rendered":"<pre id=\"tw-target-text\" class=\"tw-data-text tw-text-large tw-ta\" dir=\"ltr\" data-placeholder=\"\u041f\u0435\u0440\u0435\u0432\u043e\u0434\" data-ved=\"2ahUKEwjjpKbsja2PAxVIExAIHU9ZA5IQ3ewLegQIChAV\" aria-label=\"\u041f\u0435\u0440\u0435\u0432\u0435\u0434\u0435\u043d\u043d\u044b\u0439 \u0442\u0435\u043a\u0441\u0442: La pilastra de fachada PC101 es un sofisticado elemento decorativo fabricado con poliestireno de alta calidad y recubierto con una resistente capa protectora de masa acr\u00edlica y arena de cuarzo. Este alf\u00e9izar ser\u00e1 la opci\u00f3n ideal para crear un toque decorativo, d\u00e1ndole a su hogar un aspecto \u00fanico y elegante.\"><span data-sheets-root=\"1\">La pilastra de fachada PC108 es un exquisito elemento decorativo fabricado con poliestireno de alta calidad y recubierto con una capa protectora de masa acr\u00edlica resistente y arena de cuarzo. Este alf\u00e9izar ser\u00e1 la opci\u00f3n ideal para crear un toque decorativo, d\u00e1ndole a su hogar un aspecto \u00fanico y elegante.\r\n\r\nLos materiales utilizados en su fabricaci\u00f3n garantizan resistencia a cualquier clima, garantizando una larga vida \u00fatil. Gracias a su peso ligero, las decoraciones de fachada son f\u00e1ciles de instalar en cualquier superficie.<\/span><\/pre>\n","protected":false},"excerpt":{"rendered":"<p>La pilastra de fachada PC108 es un exquisito elemento decorativo fabricado con poliestireno de alta calidad y recubierto con una capa protectora de masa acr\u00edlica resistente y arena de cuarzo. Este alf\u00e9izar ser\u00e1 la opci\u00f3n ideal para crear un toque decorativo, d\u00e1ndole a su hogar un aspecto \u00fanico y elegante. Los materiales utilizados en su [&hellip;]<\/p>\n","protected":false},"featured_media":60172,"template":"","meta":{"_acf_changed":false},"product_brand":[],"product_cat":[10250,10256],"product_tag":[],"class_list":{"0":"post-60162","1":"product","2":"type-product","3":"status-publish","4":"has-post-thumbnail","6":"product_cat-elementos-de-fachada","7":"product_cat-pilastras-de-fachada","8":"pa_augstums-130mm-es","9":"pa_dzilums-135mm-es","10":"pa_materials-polistirols-ar-akrila-masas-slani-es","11":"pa_platums-535mm-es","13":"first","14":"instock","15":"shipping-taxable","16":"purchasable","17":"product-type-simple"},"acf":[],"_links":{"self":[{"href":"https:\/\/salonselements.com\/es\/wp-json\/wp\/v2\/product\/60162","targetHints":{"allow":["GET"]}}],"collection":[{"href":"https:\/\/salonselements.com\/es\/wp-json\/wp\/v2\/product"}],"about":[{"href":"https:\/\/salonselements.com\/es\/wp-json\/wp\/v2\/types\/product"}],"wp:featuredmedia":[{"embeddable":true,"href":"https:\/\/salonselements.com\/es\/wp-json\/wp\/v2\/media\/60172"}],"wp:attachment":[{"href":"https:\/\/salonselements.com\/es\/wp-json\/wp\/v2\/media?parent=60162"}],"wp:term":[{"taxonomy":"product_brand","embeddable":true,"href":"https:\/\/salonselements.com\/es\/wp-json\/wp\/v2\/product_brand?post=60162"},{"taxonomy":"product_cat","embeddable":true,"href":"https:\/\/salonselements.com\/es\/wp-json\/wp\/v2\/product_cat?post=60162"},{"taxonomy":"product_tag","embeddable":true,"href":"https:\/\/salonselements.com\/es\/wp-json\/wp\/v2\/product_tag?post=60162"}],"curies":[{"name":"wp","href":"https:\/\/api.w.org\/{rel}","templated":true}]}}