{"id":58968,"date":"2023-11-28T14:25:00","date_gmt":"2023-11-28T14:25:00","guid":{"rendered":"https:\/\/salonselements.lv\/produkts\/moldeo-mdc252\/"},"modified":"2025-09-01T17:08:45","modified_gmt":"2025-09-01T17:08:45","slug":"moldeo-mdc252","status":"publish","type":"product","link":"https:\/\/salonselements.com\/es\/produkts\/moldeo-mdc252\/","title":{"rendered":"Moldeo MDC252"},"content":{"rendered":"<p><span data-sheets-root=\"1\">La moldura de poliuretano MDC252 es un perfil cl\u00e1sico con adornos, ideal para crear marcos decorativos, zonificar habitaciones, enmarcar puertas y decorar muebles, manteniendo un estilo interior uniforme. Gracias a sus propiedades \u00fanicas, es ligero, resistente a la humedad y a los rayos ultravioleta, lo que garantiza su durabilidad y f\u00e1cil montaje. Tambi\u00e9n disponible en la versi\u00f3n flexible FLEX.<\/span><\/p>\n","protected":false},"excerpt":{"rendered":"<p>La moldura de poliuretano MDC252 es un perfil cl\u00e1sico con adornos, ideal para crear marcos decorativos, zonificar habitaciones, enmarcar puertas y decorar muebles, manteniendo un estilo interior uniforme. Gracias a sus propiedades \u00fanicas, es ligero, resistente a la humedad y a los rayos ultravioleta, lo que garantiza su durabilidad y f\u00e1cil montaje. Tambi\u00e9n disponible en [&hellip;]<\/p>\n","protected":false},"featured_media":58969,"template":"","meta":{"_acf_changed":false},"product_brand":[],"product_cat":[10239],"product_tag":[],"class_list":{"0":"post-58968","1":"product","2":"type-product","3":"status-publish","4":"has-post-thumbnail","6":"product_cat-molduras","7":"pa_augstums-54mm-es","8":"pa_garums-2000mm-es","9":"pa_materials-poliuretans-es","10":"pa_platums-23mm-es","11":"pa_razotajs-mardom-decor-es","13":"first","14":"instock","15":"shipping-taxable","16":"purchasable","17":"product-type-simple"},"acf":[],"_links":{"self":[{"href":"https:\/\/salonselements.com\/es\/wp-json\/wp\/v2\/product\/58968","targetHints":{"allow":["GET"]}}],"collection":[{"href":"https:\/\/salonselements.com\/es\/wp-json\/wp\/v2\/product"}],"about":[{"href":"https:\/\/salonselements.com\/es\/wp-json\/wp\/v2\/types\/product"}],"wp:featuredmedia":[{"embeddable":true,"href":"https:\/\/salonselements.com\/es\/wp-json\/wp\/v2\/media\/58969"}],"wp:attachment":[{"href":"https:\/\/salonselements.com\/es\/wp-json\/wp\/v2\/media?parent=58968"}],"wp:term":[{"taxonomy":"product_brand","embeddable":true,"href":"https:\/\/salonselements.com\/es\/wp-json\/wp\/v2\/product_brand?post=58968"},{"taxonomy":"product_cat","embeddable":true,"href":"https:\/\/salonselements.com\/es\/wp-json\/wp\/v2\/product_cat?post=58968"},{"taxonomy":"product_tag","embeddable":true,"href":"https:\/\/salonselements.com\/es\/wp-json\/wp\/v2\/product_tag?post=58968"}],"curies":[{"name":"wp","href":"https:\/\/api.w.org\/{rel}","templated":true}]}}