{"id":58681,"date":"2023-11-28T14:26:24","date_gmt":"2023-11-28T14:26:24","guid":{"rendered":"https:\/\/salonselements.lv\/produkts\/cornisa-mdb135\/"},"modified":"2025-09-01T17:08:17","modified_gmt":"2025-09-01T17:08:17","slug":"cornisa-mdb135","status":"publish","type":"product","link":"https:\/\/salonselements.com\/es\/produkts\/cornisa-mdb135\/","title":{"rendered":"Cornisa MDB135"},"content":{"rendered":"<p><span data-sheets-root=\"1\">Cornisa de poliuretano MDB135: una cornisa de perfil cl\u00e1sico que proporciona una transici\u00f3n suave entre la pared y el techo. Gracias a las propiedades \u00fanicas del material, es ligera, resistente al agua y a la radiaci\u00f3n ultravioleta, lo que garantiza una larga vida \u00fatil y un f\u00e1cil montaje. Tambi\u00e9n est\u00e1 disponible en la versi\u00f3n flexible FLEX.<\/span><\/p>\n","protected":false},"excerpt":{"rendered":"<p>Cornisa de poliuretano MDB135: una cornisa de perfil cl\u00e1sico que proporciona una transici\u00f3n suave entre la pared y el techo. Gracias a las propiedades \u00fanicas del material, es ligera, resistente al agua y a la radiaci\u00f3n ultravioleta, lo que garantiza una larga vida \u00fatil y un f\u00e1cil montaje. Tambi\u00e9n est\u00e1 disponible en la versi\u00f3n flexible [&hellip;]<\/p>\n","protected":false},"featured_media":58691,"template":"","meta":{"_acf_changed":false},"product_brand":[],"product_cat":[10234,10235],"product_tag":[],"class_list":{"0":"post-58681","1":"product","2":"type-product","3":"status-publish","4":"has-post-thumbnail","6":"product_cat-cornisas-de-techo","7":"product_cat-cornisas-de-perfil-liso","8":"pa_augstums-28mm","9":"pa_garums-2000mm-es","10":"pa_materials-poliuretans-es","11":"pa_platums-35mm-es","12":"pa_razotajs-mardom-decor-es","14":"first","15":"instock","16":"shipping-taxable","17":"purchasable","18":"product-type-simple"},"acf":[],"_links":{"self":[{"href":"https:\/\/salonselements.com\/es\/wp-json\/wp\/v2\/product\/58681","targetHints":{"allow":["GET"]}}],"collection":[{"href":"https:\/\/salonselements.com\/es\/wp-json\/wp\/v2\/product"}],"about":[{"href":"https:\/\/salonselements.com\/es\/wp-json\/wp\/v2\/types\/product"}],"wp:featuredmedia":[{"embeddable":true,"href":"https:\/\/salonselements.com\/es\/wp-json\/wp\/v2\/media\/58691"}],"wp:attachment":[{"href":"https:\/\/salonselements.com\/es\/wp-json\/wp\/v2\/media?parent=58681"}],"wp:term":[{"taxonomy":"product_brand","embeddable":true,"href":"https:\/\/salonselements.com\/es\/wp-json\/wp\/v2\/product_brand?post=58681"},{"taxonomy":"product_cat","embeddable":true,"href":"https:\/\/salonselements.com\/es\/wp-json\/wp\/v2\/product_cat?post=58681"},{"taxonomy":"product_tag","embeddable":true,"href":"https:\/\/salonselements.com\/es\/wp-json\/wp\/v2\/product_tag?post=58681"}],"curies":[{"name":"wp","href":"https:\/\/api.w.org\/{rel}","templated":true}]}}