{"id":58659,"date":"2023-11-28T14:26:16","date_gmt":"2023-11-28T14:26:16","guid":{"rendered":"https:\/\/salonselements.lv\/produkts\/cornisa-mdb132\/"},"modified":"2025-09-01T17:08:19","modified_gmt":"2025-09-01T17:08:19","slug":"cornisa-mdb132","status":"publish","type":"product","link":"https:\/\/salonselements.com\/es\/produkts\/cornisa-mdb132\/","title":{"rendered":"Cornisa MDB132"},"content":{"rendered":"<p><span data-sheets-root=\"1\">Cornisa de poliuretano MDB132: un dise\u00f1o de perfil moderno que crea una transici\u00f3n diagonal entre la pared y el techo. Tambi\u00e9n es compatible con iluminaci\u00f3n LED. Gracias a las propiedades \u00fanicas del material, es ligero, resistente al agua y a la radiaci\u00f3n ultravioleta, lo que garantiza una larga vida \u00fatil y un f\u00e1cil montaje.<\/span><\/p>\n","protected":false},"excerpt":{"rendered":"<p>Cornisa de poliuretano MDB132: un dise\u00f1o de perfil moderno que crea una transici\u00f3n diagonal entre la pared y el techo. Tambi\u00e9n es compatible con iluminaci\u00f3n LED. Gracias a las propiedades \u00fanicas del material, es ligero, resistente al agua y a la radiaci\u00f3n ultravioleta, lo que garantiza una larga vida \u00fatil y un f\u00e1cil montaje.<\/p>\n","protected":false},"featured_media":58669,"template":"","meta":{"_acf_changed":false},"product_brand":[],"product_cat":[10234,10235],"product_tag":[],"class_list":{"0":"post-58659","1":"product","2":"type-product","3":"status-publish","4":"has-post-thumbnail","6":"product_cat-cornisas-de-techo","7":"product_cat-cornisas-de-perfil-liso","8":"pa_augstums-55mm-es","9":"pa_garums-2000mm-es","10":"pa_materials-poliuretans-es","11":"pa_platums-87mm-es","12":"pa_razotajs-mardom-decor-es","14":"first","15":"instock","16":"shipping-taxable","17":"purchasable","18":"product-type-simple"},"acf":[],"_links":{"self":[{"href":"https:\/\/salonselements.com\/es\/wp-json\/wp\/v2\/product\/58659","targetHints":{"allow":["GET"]}}],"collection":[{"href":"https:\/\/salonselements.com\/es\/wp-json\/wp\/v2\/product"}],"about":[{"href":"https:\/\/salonselements.com\/es\/wp-json\/wp\/v2\/types\/product"}],"wp:featuredmedia":[{"embeddable":true,"href":"https:\/\/salonselements.com\/es\/wp-json\/wp\/v2\/media\/58669"}],"wp:attachment":[{"href":"https:\/\/salonselements.com\/es\/wp-json\/wp\/v2\/media?parent=58659"}],"wp:term":[{"taxonomy":"product_brand","embeddable":true,"href":"https:\/\/salonselements.com\/es\/wp-json\/wp\/v2\/product_brand?post=58659"},{"taxonomy":"product_cat","embeddable":true,"href":"https:\/\/salonselements.com\/es\/wp-json\/wp\/v2\/product_cat?post=58659"},{"taxonomy":"product_tag","embeddable":true,"href":"https:\/\/salonselements.com\/es\/wp-json\/wp\/v2\/product_tag?post=58659"}],"curies":[{"name":"wp","href":"https:\/\/api.w.org\/{rel}","templated":true}]}}