{"id":58571,"date":"2023-11-28T14:25:57","date_gmt":"2023-11-28T14:25:57","guid":{"rendered":"https:\/\/salonselements.lv\/produkts\/cornisa-mdb117\/"},"modified":"2025-09-01T17:08:42","modified_gmt":"2025-09-01T17:08:42","slug":"cornisa-mdb117","status":"publish","type":"product","link":"https:\/\/salonselements.com\/es\/produkts\/cornisa-mdb117\/","title":{"rendered":"Cornisa MDB117"},"content":{"rendered":"<p><span data-sheets-root=\"1\">La cornisa de poliuretano MDB117 es un perfil cl\u00e1sico que proporciona una transici\u00f3n fluida entre la pared y el techo. Gracias a las propiedades \u00fanicas del material, es ligera, resistente a la humedad y a los rayos ultravioleta, lo que garantiza su durabilidad y f\u00e1cil montaje. Tambi\u00e9n est\u00e1 disponible en la versi\u00f3n flexible FLEX.<\/span><\/p>\n","protected":false},"excerpt":{"rendered":"<p>La cornisa de poliuretano MDB117 es un perfil cl\u00e1sico que proporciona una transici\u00f3n fluida entre la pared y el techo. Gracias a las propiedades \u00fanicas del material, es ligera, resistente a la humedad y a los rayos ultravioleta, lo que garantiza su durabilidad y f\u00e1cil montaje. Tambi\u00e9n est\u00e1 disponible en la versi\u00f3n flexible FLEX.<\/p>\n","protected":false},"featured_media":58572,"template":"","meta":{"_acf_changed":false},"product_brand":[],"product_cat":[10234,10235],"product_tag":[],"class_list":{"0":"post-58571","1":"product","2":"type-product","3":"status-publish","4":"has-post-thumbnail","6":"product_cat-cornisas-de-techo","7":"product_cat-cornisas-de-perfil-liso","8":"pa_augstums-83mm-es","9":"pa_garums-2000mm-es","10":"pa_materials-poliuretans-es","11":"pa_platums-92mm-es","12":"pa_razotajs-mardom-decor-es","14":"first","15":"instock","16":"shipping-taxable","17":"purchasable","18":"product-type-simple"},"acf":[],"_links":{"self":[{"href":"https:\/\/salonselements.com\/es\/wp-json\/wp\/v2\/product\/58571","targetHints":{"allow":["GET"]}}],"collection":[{"href":"https:\/\/salonselements.com\/es\/wp-json\/wp\/v2\/product"}],"about":[{"href":"https:\/\/salonselements.com\/es\/wp-json\/wp\/v2\/types\/product"}],"wp:featuredmedia":[{"embeddable":true,"href":"https:\/\/salonselements.com\/es\/wp-json\/wp\/v2\/media\/58572"}],"wp:attachment":[{"href":"https:\/\/salonselements.com\/es\/wp-json\/wp\/v2\/media?parent=58571"}],"wp:term":[{"taxonomy":"product_brand","embeddable":true,"href":"https:\/\/salonselements.com\/es\/wp-json\/wp\/v2\/product_brand?post=58571"},{"taxonomy":"product_cat","embeddable":true,"href":"https:\/\/salonselements.com\/es\/wp-json\/wp\/v2\/product_cat?post=58571"},{"taxonomy":"product_tag","embeddable":true,"href":"https:\/\/salonselements.com\/es\/wp-json\/wp\/v2\/product_tag?post=58571"}],"curies":[{"name":"wp","href":"https:\/\/api.w.org\/{rel}","templated":true}]}}