{"id":58449,"date":"2023-11-28T14:28:06","date_gmt":"2023-11-28T14:28:06","guid":{"rendered":"https:\/\/salonselements.lv\/produkts\/cornisa-mda121\/"},"modified":"2025-09-01T17:07:38","modified_gmt":"2025-09-01T17:07:38","slug":"cornisa-mda121","status":"publish","type":"product","link":"https:\/\/salonselements.com\/es\/produkts\/cornisa-mda121\/","title":{"rendered":"Cornisa MDA121"},"content":{"rendered":"<p><span data-sheets-root=\"1\">Cornisa de poliuretano MDA121: un perfil cl\u00e1sico con un adorno que garantiza una transici\u00f3n fluida entre la pared y el techo. Gracias a las propiedades \u00fanicas del material, es ligero, altamente resistente a la humedad y a los rayos UV, lo que garantiza su durabilidad y facilidad de instalaci\u00f3n.<\/span><\/p>\n","protected":false},"excerpt":{"rendered":"<p>Cornisa de poliuretano MDA121: un perfil cl\u00e1sico con un adorno que garantiza una transici\u00f3n fluida entre la pared y el techo. Gracias a las propiedades \u00fanicas del material, es ligero, altamente resistente a la humedad y a los rayos UV, lo que garantiza su durabilidad y facilidad de instalaci\u00f3n.<\/p>\n","protected":false},"featured_media":58450,"template":"","meta":{"_acf_changed":false},"product_brand":[],"product_cat":[10234,10236],"product_tag":[],"class_list":{"0":"post-58449","1":"product","2":"type-product","3":"status-publish","4":"has-post-thumbnail","6":"product_cat-cornisas-de-techo","7":"product_cat-cornisas-con-adornos","8":"pa_augstums-70mm-es","9":"pa_garums-2000mm-es","10":"pa_materials-poliuretans-es","11":"pa_platums-76mm-es","12":"pa_razotajs-mardom-decor-es","14":"first","15":"instock","16":"shipping-taxable","17":"purchasable","18":"product-type-simple"},"acf":[],"_links":{"self":[{"href":"https:\/\/salonselements.com\/es\/wp-json\/wp\/v2\/product\/58449","targetHints":{"allow":["GET"]}}],"collection":[{"href":"https:\/\/salonselements.com\/es\/wp-json\/wp\/v2\/product"}],"about":[{"href":"https:\/\/salonselements.com\/es\/wp-json\/wp\/v2\/types\/product"}],"wp:featuredmedia":[{"embeddable":true,"href":"https:\/\/salonselements.com\/es\/wp-json\/wp\/v2\/media\/58450"}],"wp:attachment":[{"href":"https:\/\/salonselements.com\/es\/wp-json\/wp\/v2\/media?parent=58449"}],"wp:term":[{"taxonomy":"product_brand","embeddable":true,"href":"https:\/\/salonselements.com\/es\/wp-json\/wp\/v2\/product_brand?post=58449"},{"taxonomy":"product_cat","embeddable":true,"href":"https:\/\/salonselements.com\/es\/wp-json\/wp\/v2\/product_cat?post=58449"},{"taxonomy":"product_tag","embeddable":true,"href":"https:\/\/salonselements.com\/es\/wp-json\/wp\/v2\/product_tag?post=58449"}],"curies":[{"name":"wp","href":"https:\/\/api.w.org\/{rel}","templated":true}]}}