{"id":58208,"date":"2023-11-28T14:00:54","date_gmt":"2023-11-28T14:00:54","guid":{"rendered":"https:\/\/salonselements.lv\/produkts\/moldura-de-puerta-md359e\/"},"modified":"2025-09-01T17:31:01","modified_gmt":"2025-09-01T17:31:01","slug":"moldura-de-puerta-md359e","status":"publish","type":"product","link":"https:\/\/salonselements.com\/es\/produkts\/moldura-de-puerta-md359e\/","title":{"rendered":"Moldura de puerta MD359E"},"content":{"rendered":"<p><span data-sheets-root=\"1\">El perfil de borde de puerta MD359E, fabricado con material Polyforce, es un perfil moderno con l\u00edneas rectas y esquinas definidas que aportar\u00e1 un toque de distinci\u00f3n al interior. Gracias a las propiedades del material, el perfil es ligero, extremadamente resistente a la humedad y a la luz ultravioleta, lo que garantiza su larga vida \u00fatil y una f\u00e1cil instalaci\u00f3n. Se conecta al rodapi\u00e9 MD359.<\/span><\/p>\n","protected":false},"excerpt":{"rendered":"<p>El perfil de borde de puerta MD359E, fabricado con material Polyforce, es un perfil moderno con l\u00edneas rectas y esquinas definidas que aportar\u00e1 un toque de distinci\u00f3n al interior. Gracias a las propiedades del material, el perfil es ligero, extremadamente resistente a la humedad y a la luz ultravioleta, lo que garantiza su larga vida [&hellip;]<\/p>\n","protected":false},"featured_media":58197,"template":"","meta":{"_acf_changed":false},"product_brand":[],"product_cat":[10243,10248],"product_tag":[],"class_list":{"0":"post-58208","1":"product","2":"type-product","3":"status-publish","4":"has-post-thumbnail","6":"product_cat-elementos-decorativos","7":"product_cat-molduras-de-las-puertas","8":"pa_augstums-70mm-es","9":"pa_garums-16mm-es","10":"pa_materials-polyforce-es","11":"pa_platums-16mm-es","12":"pa_razotajs-mardom-decor-es","14":"first","15":"instock","16":"shipping-taxable","17":"purchasable","18":"product-type-simple"},"acf":[],"_links":{"self":[{"href":"https:\/\/salonselements.com\/es\/wp-json\/wp\/v2\/product\/58208","targetHints":{"allow":["GET"]}}],"collection":[{"href":"https:\/\/salonselements.com\/es\/wp-json\/wp\/v2\/product"}],"about":[{"href":"https:\/\/salonselements.com\/es\/wp-json\/wp\/v2\/types\/product"}],"wp:featuredmedia":[{"embeddable":true,"href":"https:\/\/salonselements.com\/es\/wp-json\/wp\/v2\/media\/58197"}],"wp:attachment":[{"href":"https:\/\/salonselements.com\/es\/wp-json\/wp\/v2\/media?parent=58208"}],"wp:term":[{"taxonomy":"product_brand","embeddable":true,"href":"https:\/\/salonselements.com\/es\/wp-json\/wp\/v2\/product_brand?post=58208"},{"taxonomy":"product_cat","embeddable":true,"href":"https:\/\/salonselements.com\/es\/wp-json\/wp\/v2\/product_cat?post=58208"},{"taxonomy":"product_tag","embeddable":true,"href":"https:\/\/salonselements.com\/es\/wp-json\/wp\/v2\/product_tag?post=58208"}],"curies":[{"name":"wp","href":"https:\/\/api.w.org\/{rel}","templated":true}]}}