{"id":58173,"date":"2024-10-29T08:57:32","date_gmt":"2024-10-29T08:57:32","guid":{"rendered":"https:\/\/salonselements.lv\/produkts\/rodapie-md356-flex\/"},"modified":"2025-09-01T17:06:33","modified_gmt":"2025-09-01T17:06:33","slug":"rodapie-md356-flex","status":"publish","type":"product","link":"https:\/\/salonselements.com\/es\/produkts\/rodapie-md356-flex\/","title":{"rendered":"Rodapi\u00e9 MD356 FLEX"},"content":{"rendered":"<p><span data-sheets-root=\"1\">Versi\u00f3n flexible del rodapi\u00e9 MD356. El rodapi\u00e9 est\u00e1 dise\u00f1ado para su uso con ventanales, columnas y otros elementos interiores redondeados, donde los rodapi\u00e9s est\u00e1ndar no pueden proporcionar una uni\u00f3n perfecta y est\u00e9tica.<\/span><\/p>\n","protected":false},"excerpt":{"rendered":"<p>Versi\u00f3n flexible del rodapi\u00e9 MD356. El rodapi\u00e9 est\u00e1 dise\u00f1ado para su uso con ventanales, columnas y otros elementos interiores redondeados, donde los rodapi\u00e9s est\u00e1ndar no pueden proporcionar una uni\u00f3n perfecta y est\u00e9tica.<\/p>\n","protected":false},"featured_media":58174,"template":"","meta":{"_acf_changed":false},"product_brand":[],"product_cat":[10240],"product_tag":[],"class_list":{"0":"post-58173","1":"product","2":"type-product","3":"status-publish","4":"has-post-thumbnail","6":"product_cat-rodapies","7":"pa_augstums-108mm-es","8":"pa_garums-2000mm-es","9":"pa_materials-polyforce-es","10":"pa_platums-16mm-es","11":"pa_razotajs-mardom-decor-es","13":"first","14":"instock","15":"shipping-taxable","16":"purchasable","17":"product-type-simple"},"acf":[],"_links":{"self":[{"href":"https:\/\/salonselements.com\/es\/wp-json\/wp\/v2\/product\/58173","targetHints":{"allow":["GET"]}}],"collection":[{"href":"https:\/\/salonselements.com\/es\/wp-json\/wp\/v2\/product"}],"about":[{"href":"https:\/\/salonselements.com\/es\/wp-json\/wp\/v2\/types\/product"}],"wp:featuredmedia":[{"embeddable":true,"href":"https:\/\/salonselements.com\/es\/wp-json\/wp\/v2\/media\/58174"}],"wp:attachment":[{"href":"https:\/\/salonselements.com\/es\/wp-json\/wp\/v2\/media?parent=58173"}],"wp:term":[{"taxonomy":"product_brand","embeddable":true,"href":"https:\/\/salonselements.com\/es\/wp-json\/wp\/v2\/product_brand?post=58173"},{"taxonomy":"product_cat","embeddable":true,"href":"https:\/\/salonselements.com\/es\/wp-json\/wp\/v2\/product_cat?post=58173"},{"taxonomy":"product_tag","embeddable":true,"href":"https:\/\/salonselements.com\/es\/wp-json\/wp\/v2\/product_tag?post=58173"}],"curies":[{"name":"wp","href":"https:\/\/api.w.org\/{rel}","templated":true}]}}