{"id":58125,"date":"2023-11-28T14:18:14","date_gmt":"2023-11-28T14:18:14","guid":{"rendered":"https:\/\/salonselements.lv\/produkts\/moldeo-md346\/"},"modified":"2025-09-01T17:11:23","modified_gmt":"2025-09-01T17:11:23","slug":"moldeo-md346","status":"publish","type":"product","link":"https:\/\/salonselements.com\/es\/produkts\/moldeo-md346\/","title":{"rendered":"Moldeo MD346"},"content":{"rendered":"<p><span data-sheets-root=\"1\">La moldura de pared MD346, fabricada con material Polyforce, es un perfil cl\u00e1sico que se puede utilizar para crear marcos decorativos, zonificar espacios, cubrir puertas y dise\u00f1ar muebles, manteniendo un estilo interior uniforme. Gracias a las propiedades \u00fanicas del material, es ligero, extremadamente resistente a la humedad y a los rayos UV, lo que garantiza su durabilidad y facilidad de instalaci\u00f3n. Tambi\u00e9n est\u00e1 disponible en la versi\u00f3n flexible FLEX.<\/span><\/p>\n","protected":false},"excerpt":{"rendered":"<p>La moldura de pared MD346, fabricada con material Polyforce, es un perfil cl\u00e1sico que se puede utilizar para crear marcos decorativos, zonificar espacios, cubrir puertas y dise\u00f1ar muebles, manteniendo un estilo interior uniforme. Gracias a las propiedades \u00fanicas del material, es ligero, extremadamente resistente a la humedad y a los rayos UV, lo que garantiza [&hellip;]<\/p>\n","protected":false},"featured_media":58126,"template":"","meta":{"_acf_changed":false},"product_brand":[],"product_cat":[10239],"product_tag":[],"class_list":{"0":"post-58125","1":"product","2":"type-product","3":"status-publish","4":"has-post-thumbnail","6":"product_cat-molduras","7":"pa_augstums-61mm-es","8":"pa_garums-2000mm-es","9":"pa_materials-polyforce-es","10":"pa_platums-23mm-es","11":"pa_razotajs-mardom-decor-es","13":"first","14":"instock","15":"shipping-taxable","16":"purchasable","17":"product-type-simple"},"acf":[],"_links":{"self":[{"href":"https:\/\/salonselements.com\/es\/wp-json\/wp\/v2\/product\/58125","targetHints":{"allow":["GET"]}}],"collection":[{"href":"https:\/\/salonselements.com\/es\/wp-json\/wp\/v2\/product"}],"about":[{"href":"https:\/\/salonselements.com\/es\/wp-json\/wp\/v2\/types\/product"}],"wp:featuredmedia":[{"embeddable":true,"href":"https:\/\/salonselements.com\/es\/wp-json\/wp\/v2\/media\/58126"}],"wp:attachment":[{"href":"https:\/\/salonselements.com\/es\/wp-json\/wp\/v2\/media?parent=58125"}],"wp:term":[{"taxonomy":"product_brand","embeddable":true,"href":"https:\/\/salonselements.com\/es\/wp-json\/wp\/v2\/product_brand?post=58125"},{"taxonomy":"product_cat","embeddable":true,"href":"https:\/\/salonselements.com\/es\/wp-json\/wp\/v2\/product_cat?post=58125"},{"taxonomy":"product_tag","embeddable":true,"href":"https:\/\/salonselements.com\/es\/wp-json\/wp\/v2\/product_tag?post=58125"}],"curies":[{"name":"wp","href":"https:\/\/api.w.org\/{rel}","templated":true}]}}