{"id":57982,"date":"2023-11-28T14:09:23","date_gmt":"2023-11-28T14:09:23","guid":{"rendered":"https:\/\/salonselements.lv\/produkts\/zocalo-md234\/"},"modified":"2025-09-01T17:19:15","modified_gmt":"2025-09-01T17:19:15","slug":"zocalo-md234","status":"publish","type":"product","link":"https:\/\/salonselements.com\/es\/produkts\/zocalo-md234\/","title":{"rendered":"Z\u00f3calo MD234"},"content":{"rendered":"<p><span data-sheets-root=\"1\">El perfil de rodapi\u00e9 MD234, fabricado con material Polyforce, es elegante, de perfil alto y dise\u00f1o cl\u00e1sico, y aportar\u00e1 sofisticaci\u00f3n y refinamiento al interior. Sus l\u00edneas finas y curvas suaves realzan armoniosamente el estilo de la estancia. Gracias a las propiedades del material, el rodapi\u00e9 es ligero, resistente a la humedad y a la radiaci\u00f3n UV, lo que garantiza su durabilidad y una f\u00e1cil instalaci\u00f3n.<\/span><\/p>\n","protected":false},"excerpt":{"rendered":"<p>El perfil de rodapi\u00e9 MD234, fabricado con material Polyforce, es elegante, de perfil alto y dise\u00f1o cl\u00e1sico, y aportar\u00e1 sofisticaci\u00f3n y refinamiento al interior. Sus l\u00edneas finas y curvas suaves realzan armoniosamente el estilo de la estancia. Gracias a las propiedades del material, el rodapi\u00e9 es ligero, resistente a la humedad y a la radiaci\u00f3n [&hellip;]<\/p>\n","protected":false},"featured_media":57992,"template":"","meta":{"_acf_changed":false},"product_brand":[],"product_cat":[10240],"product_tag":[],"class_list":{"0":"post-57982","1":"product","2":"type-product","3":"status-publish","4":"has-post-thumbnail","6":"product_cat-rodapies","7":"pa_augstums-78mm-es","8":"pa_garums-2000mm-es","9":"pa_materials-polyforce-es","10":"pa_platums-14mm-es","11":"pa_razotajs-mardom-decor-es","13":"first","14":"instock","15":"shipping-taxable","16":"purchasable","17":"product-type-simple"},"acf":[],"_links":{"self":[{"href":"https:\/\/salonselements.com\/es\/wp-json\/wp\/v2\/product\/57982","targetHints":{"allow":["GET"]}}],"collection":[{"href":"https:\/\/salonselements.com\/es\/wp-json\/wp\/v2\/product"}],"about":[{"href":"https:\/\/salonselements.com\/es\/wp-json\/wp\/v2\/types\/product"}],"wp:featuredmedia":[{"embeddable":true,"href":"https:\/\/salonselements.com\/es\/wp-json\/wp\/v2\/media\/57992"}],"wp:attachment":[{"href":"https:\/\/salonselements.com\/es\/wp-json\/wp\/v2\/media?parent=57982"}],"wp:term":[{"taxonomy":"product_brand","embeddable":true,"href":"https:\/\/salonselements.com\/es\/wp-json\/wp\/v2\/product_brand?post=57982"},{"taxonomy":"product_cat","embeddable":true,"href":"https:\/\/salonselements.com\/es\/wp-json\/wp\/v2\/product_cat?post=57982"},{"taxonomy":"product_tag","embeddable":true,"href":"https:\/\/salonselements.com\/es\/wp-json\/wp\/v2\/product_tag?post=57982"}],"curies":[{"name":"wp","href":"https:\/\/api.w.org\/{rel}","templated":true}]}}