{"id":57960,"date":"2023-12-09T14:12:36","date_gmt":"2023-12-09T14:12:36","guid":{"rendered":"https:\/\/salonselements.lv\/produkts\/cornisa-de-cortina-md213\/"},"modified":"2025-09-01T17:07:11","modified_gmt":"2025-09-01T17:07:11","slug":"cornisa-de-cortina-md213","status":"publish","type":"product","link":"https:\/\/salonselements.com\/es\/produkts\/cornisa-de-cortina-md213\/","title":{"rendered":"Cornisa de cortina MD213"},"content":{"rendered":"<p><span data-sheets-root=\"1\">La barra de cortina MD213, fabricada con material Polyforce, es una soluci\u00f3n elegante y pr\u00e1ctica para el dise\u00f1o de interiores. Su perfil cl\u00e1sico permite ocultar el riel de la cortina y crea un toque elegante en el interior. Gracias a las propiedades del material, la barra es ligera, extremadamente resistente a la humedad y a los rayos UV, lo que garantiza su larga duraci\u00f3n y una f\u00e1cil instalaci\u00f3n. Tambi\u00e9n disponible en la versi\u00f3n flexible FLEX.<\/span><\/p>\n","protected":false},"excerpt":{"rendered":"<p>La barra de cortina MD213, fabricada con material Polyforce, es una soluci\u00f3n elegante y pr\u00e1ctica para el dise\u00f1o de interiores. Su perfil cl\u00e1sico permite ocultar el riel de la cortina y crea un toque elegante en el interior. Gracias a las propiedades del material, la barra es ligera, extremadamente resistente a la humedad y a [&hellip;]<\/p>\n","protected":false},"featured_media":57970,"template":"","meta":{"_acf_changed":false},"product_brand":[],"product_cat":[10234,10237],"product_tag":[],"class_list":{"0":"post-57960","1":"product","2":"type-product","3":"status-publish","4":"has-post-thumbnail","6":"product_cat-cornisas-de-techo","7":"product_cat-barras-de-cortina","8":"pa_augstums-81mm-es","9":"pa_garums-2000mm-es","10":"pa_materials-polyforce-es","11":"pa_platums-81mm-es","12":"pa_razotajs-mardom-decor-es","14":"first","15":"instock","16":"shipping-taxable","17":"purchasable","18":"product-type-simple"},"acf":[],"_links":{"self":[{"href":"https:\/\/salonselements.com\/es\/wp-json\/wp\/v2\/product\/57960","targetHints":{"allow":["GET"]}}],"collection":[{"href":"https:\/\/salonselements.com\/es\/wp-json\/wp\/v2\/product"}],"about":[{"href":"https:\/\/salonselements.com\/es\/wp-json\/wp\/v2\/types\/product"}],"wp:featuredmedia":[{"embeddable":true,"href":"https:\/\/salonselements.com\/es\/wp-json\/wp\/v2\/media\/57970"}],"wp:attachment":[{"href":"https:\/\/salonselements.com\/es\/wp-json\/wp\/v2\/media?parent=57960"}],"wp:term":[{"taxonomy":"product_brand","embeddable":true,"href":"https:\/\/salonselements.com\/es\/wp-json\/wp\/v2\/product_brand?post=57960"},{"taxonomy":"product_cat","embeddable":true,"href":"https:\/\/salonselements.com\/es\/wp-json\/wp\/v2\/product_cat?post=57960"},{"taxonomy":"product_tag","embeddable":true,"href":"https:\/\/salonselements.com\/es\/wp-json\/wp\/v2\/product_tag?post=57960"}],"curies":[{"name":"wp","href":"https:\/\/api.w.org\/{rel}","templated":true}]}}