{"id":57903,"date":"2023-11-28T14:12:29","date_gmt":"2023-11-28T14:12:29","guid":{"rendered":"https:\/\/salonselements.lv\/produkts\/cornisa-ligera-md137\/"},"modified":"2025-09-01T17:16:33","modified_gmt":"2025-09-01T17:16:33","slug":"cornisa-ligera-md137","status":"publish","type":"product","link":"https:\/\/salonselements.com\/es\/produkts\/cornisa-ligera-md137\/","title":{"rendered":"Cornisa ligera MD137"},"content":{"rendered":"<p><span data-sheets-root=\"1\">La cornisa MD137 para iluminaci\u00f3n LED oculta, fabricada con material Polyforce, es una soluci\u00f3n moderna para interiores. Gracias a las propiedades del material, es ligera y ofrece una excelente resistencia a la humedad y a los rayos UV, lo que garantiza su larga vida \u00fatil y una f\u00e1cil instalaci\u00f3n.<\/span><\/p>\n","protected":false},"excerpt":{"rendered":"<p>La cornisa MD137 para iluminaci\u00f3n LED oculta, fabricada con material Polyforce, es una soluci\u00f3n moderna para interiores. Gracias a las propiedades del material, es ligera y ofrece una excelente resistencia a la humedad y a los rayos UV, lo que garantiza su larga vida \u00fatil y una f\u00e1cil instalaci\u00f3n.<\/p>\n","protected":false},"featured_media":57914,"template":"","meta":{"_acf_changed":false},"product_brand":[],"product_cat":[10234,10237],"product_tag":[],"class_list":{"0":"post-57903","1":"product","2":"type-product","3":"status-publish","4":"has-post-thumbnail","6":"product_cat-cornisas-de-techo","7":"product_cat-barras-de-cortina","8":"pa_augstums-96mm-es","9":"pa_garums-2000mm-es","10":"pa_materials-polyforce-es","11":"pa_platums-55mm-es","12":"pa_razotajs-mardom-decor-es","14":"first","15":"instock","16":"shipping-taxable","17":"purchasable","18":"product-type-simple"},"acf":[],"_links":{"self":[{"href":"https:\/\/salonselements.com\/es\/wp-json\/wp\/v2\/product\/57903","targetHints":{"allow":["GET"]}}],"collection":[{"href":"https:\/\/salonselements.com\/es\/wp-json\/wp\/v2\/product"}],"about":[{"href":"https:\/\/salonselements.com\/es\/wp-json\/wp\/v2\/types\/product"}],"wp:featuredmedia":[{"embeddable":true,"href":"https:\/\/salonselements.com\/es\/wp-json\/wp\/v2\/media\/57914"}],"wp:attachment":[{"href":"https:\/\/salonselements.com\/es\/wp-json\/wp\/v2\/media?parent=57903"}],"wp:term":[{"taxonomy":"product_brand","embeddable":true,"href":"https:\/\/salonselements.com\/es\/wp-json\/wp\/v2\/product_brand?post=57903"},{"taxonomy":"product_cat","embeddable":true,"href":"https:\/\/salonselements.com\/es\/wp-json\/wp\/v2\/product_cat?post=57903"},{"taxonomy":"product_tag","embeddable":true,"href":"https:\/\/salonselements.com\/es\/wp-json\/wp\/v2\/product_tag?post=57903"}],"curies":[{"name":"wp","href":"https:\/\/api.w.org\/{rel}","templated":true}]}}