{"id":57892,"date":"2023-11-28T14:07:56","date_gmt":"2023-11-28T14:07:56","guid":{"rendered":"https:\/\/salonselements.lv\/produkts\/cornisa-de-cortina-md137\/"},"modified":"2025-09-01T17:20:25","modified_gmt":"2025-09-01T17:20:25","slug":"cornisa-de-cortina-md137","status":"publish","type":"product","link":"https:\/\/salonselements.com\/es\/produkts\/cornisa-de-cortina-md137\/","title":{"rendered":"Cornisa de cortina MD137"},"content":{"rendered":"<p><span data-sheets-root=\"1\">La barra de cortina MD137, fabricada con material Polyforce, es una soluci\u00f3n elegante y pr\u00e1ctica para el dise\u00f1o de interiores. Su perfil curvo permite ocultar el riel de la cortina y crea un toque elegante en el interior. Gracias a las propiedades del material, la barra es ligera, extremadamente resistente a la humedad y a los rayos UV, lo que garantiza su larga duraci\u00f3n y una f\u00e1cil instalaci\u00f3n.<\/span><\/p>\n","protected":false},"excerpt":{"rendered":"<p>La barra de cortina MD137, fabricada con material Polyforce, es una soluci\u00f3n elegante y pr\u00e1ctica para el dise\u00f1o de interiores. Su perfil curvo permite ocultar el riel de la cortina y crea un toque elegante en el interior. Gracias a las propiedades del material, la barra es ligera, extremadamente resistente a la humedad y a [&hellip;]<\/p>\n","protected":false},"featured_media":57893,"template":"","meta":{"_acf_changed":false},"product_brand":[],"product_cat":[10241],"product_tag":[],"class_list":{"0":"post-57892","1":"product","2":"type-product","3":"status-publish","4":"has-post-thumbnail","6":"product_cat-cornisas-ligeras","7":"pa_augstums-96mm-es","8":"pa_garums-2000mm-es","9":"pa_materials-polyforce-es","10":"pa_platums-55mm-es","11":"pa_razotajs-mardom-decor-es","13":"first","14":"instock","15":"shipping-taxable","16":"purchasable","17":"product-type-simple"},"acf":[],"_links":{"self":[{"href":"https:\/\/salonselements.com\/es\/wp-json\/wp\/v2\/product\/57892","targetHints":{"allow":["GET"]}}],"collection":[{"href":"https:\/\/salonselements.com\/es\/wp-json\/wp\/v2\/product"}],"about":[{"href":"https:\/\/salonselements.com\/es\/wp-json\/wp\/v2\/types\/product"}],"wp:featuredmedia":[{"embeddable":true,"href":"https:\/\/salonselements.com\/es\/wp-json\/wp\/v2\/media\/57893"}],"wp:attachment":[{"href":"https:\/\/salonselements.com\/es\/wp-json\/wp\/v2\/media?parent=57892"}],"wp:term":[{"taxonomy":"product_brand","embeddable":true,"href":"https:\/\/salonselements.com\/es\/wp-json\/wp\/v2\/product_brand?post=57892"},{"taxonomy":"product_cat","embeddable":true,"href":"https:\/\/salonselements.com\/es\/wp-json\/wp\/v2\/product_cat?post=57892"},{"taxonomy":"product_tag","embeddable":true,"href":"https:\/\/salonselements.com\/es\/wp-json\/wp\/v2\/product_tag?post=57892"}],"curies":[{"name":"wp","href":"https:\/\/api.w.org\/{rel}","templated":true}]}}