{"id":57496,"date":"2023-11-28T14:01:04","date_gmt":"2023-11-28T14:01:04","guid":{"rendered":"https:\/\/salonselements.lv\/produkts\/moldura-de-puerta-md008e\/"},"modified":"2025-09-01T17:30:59","modified_gmt":"2025-09-01T17:30:59","slug":"moldura-de-puerta-md008e","status":"publish","type":"product","link":"https:\/\/salonselements.com\/es\/produkts\/moldura-de-puerta-md008e\/","title":{"rendered":"Moldura de puerta MD008E"},"content":{"rendered":"<p><span data-sheets-root=\"1\">El perfil de borde de puerta MD008E, fabricado con material Polyforce, es un perfil moderno con l\u00edneas rectas y definidas y esquinas definidas que aportar\u00e1 un toque elegante al interior. Gracias a las propiedades del material, el perfil es ligero, extremadamente resistente a la humedad y a la luz ultravioleta, lo que garantiza su larga vida \u00fatil y una f\u00e1cil instalaci\u00f3n. Se conecta al rodapi\u00e9 MD008.<\/span><\/p>\n","protected":false},"excerpt":{"rendered":"<p>El perfil de borde de puerta MD008E, fabricado con material Polyforce, es un perfil moderno con l\u00edneas rectas y definidas y esquinas definidas que aportar\u00e1 un toque elegante al interior. Gracias a las propiedades del material, el perfil es ligero, extremadamente resistente a la humedad y a la luz ultravioleta, lo que garantiza su larga [&hellip;]<\/p>\n","protected":false},"featured_media":57507,"template":"","meta":{"_acf_changed":false},"product_brand":[],"product_cat":[10243,10248],"product_tag":[],"class_list":{"0":"post-57496","1":"product","2":"type-product","3":"status-publish","4":"has-post-thumbnail","6":"product_cat-elementos-decorativos","7":"product_cat-molduras-de-las-puertas","8":"pa_augstums-80mm-es","9":"pa_garums-17mm-es","10":"pa_materials-polyforce-es","11":"pa_platums-17mm-es","12":"pa_razotajs-mardom-decor-es","14":"first","15":"instock","16":"shipping-taxable","17":"purchasable","18":"product-type-simple"},"acf":[],"_links":{"self":[{"href":"https:\/\/salonselements.com\/es\/wp-json\/wp\/v2\/product\/57496","targetHints":{"allow":["GET"]}}],"collection":[{"href":"https:\/\/salonselements.com\/es\/wp-json\/wp\/v2\/product"}],"about":[{"href":"https:\/\/salonselements.com\/es\/wp-json\/wp\/v2\/types\/product"}],"wp:featuredmedia":[{"embeddable":true,"href":"https:\/\/salonselements.com\/es\/wp-json\/wp\/v2\/media\/57507"}],"wp:attachment":[{"href":"https:\/\/salonselements.com\/es\/wp-json\/wp\/v2\/media?parent=57496"}],"wp:term":[{"taxonomy":"product_brand","embeddable":true,"href":"https:\/\/salonselements.com\/es\/wp-json\/wp\/v2\/product_brand?post=57496"},{"taxonomy":"product_cat","embeddable":true,"href":"https:\/\/salonselements.com\/es\/wp-json\/wp\/v2\/product_cat?post=57496"},{"taxonomy":"product_tag","embeddable":true,"href":"https:\/\/salonselements.com\/es\/wp-json\/wp\/v2\/product_tag?post=57496"}],"curies":[{"name":"wp","href":"https:\/\/api.w.org\/{rel}","templated":true}]}}