{"id":57471,"date":"2023-11-28T14:17:06","date_gmt":"2023-11-28T14:17:06","guid":{"rendered":"https:\/\/salonselements.lv\/produkts\/moldeo-md007\/"},"modified":"2025-09-01T17:11:48","modified_gmt":"2025-09-01T17:11:48","slug":"moldeo-md007","status":"publish","type":"product","link":"https:\/\/salonselements.com\/es\/produkts\/moldeo-md007\/","title":{"rendered":"Moldeo MD007"},"content":{"rendered":"<p><span data-sheets-root=\"1\">La moldura de pared MD007, fabricada con material Polyforce, es un perfil cl\u00e1sico que se puede utilizar para crear marcos decorativos, zonificar espacios, revestir puertas y dise\u00f1ar muebles, manteniendo un estilo interior uniforme. Gracias a las propiedades \u00fanicas del material, es ligero, extremadamente resistente a la humedad y a los rayos UV, lo que garantiza su durabilidad y facilidad de instalaci\u00f3n.<\/span><\/p>\n","protected":false},"excerpt":{"rendered":"<p>La moldura de pared MD007, fabricada con material Polyforce, es un perfil cl\u00e1sico que se puede utilizar para crear marcos decorativos, zonificar espacios, revestir puertas y dise\u00f1ar muebles, manteniendo un estilo interior uniforme. Gracias a las propiedades \u00fanicas del material, es ligero, extremadamente resistente a la humedad y a los rayos UV, lo que garantiza [&hellip;]<\/p>\n","protected":false},"featured_media":57472,"template":"","meta":{"_acf_changed":false},"product_brand":[],"product_cat":[10239],"product_tag":[],"class_list":{"0":"post-57471","1":"product","2":"type-product","3":"status-publish","4":"has-post-thumbnail","6":"product_cat-molduras","7":"pa_augstums-73mm-es","8":"pa_garums-2000mm-es","9":"pa_materials-polyforce-es","10":"pa_platums-23mm-es","11":"pa_razotajs-mardom-decor-es","13":"first","14":"instock","15":"shipping-taxable","16":"purchasable","17":"product-type-simple"},"acf":[],"_links":{"self":[{"href":"https:\/\/salonselements.com\/es\/wp-json\/wp\/v2\/product\/57471","targetHints":{"allow":["GET"]}}],"collection":[{"href":"https:\/\/salonselements.com\/es\/wp-json\/wp\/v2\/product"}],"about":[{"href":"https:\/\/salonselements.com\/es\/wp-json\/wp\/v2\/types\/product"}],"wp:featuredmedia":[{"embeddable":true,"href":"https:\/\/salonselements.com\/es\/wp-json\/wp\/v2\/media\/57472"}],"wp:attachment":[{"href":"https:\/\/salonselements.com\/es\/wp-json\/wp\/v2\/media?parent=57471"}],"wp:term":[{"taxonomy":"product_brand","embeddable":true,"href":"https:\/\/salonselements.com\/es\/wp-json\/wp\/v2\/product_brand?post=57471"},{"taxonomy":"product_cat","embeddable":true,"href":"https:\/\/salonselements.com\/es\/wp-json\/wp\/v2\/product_cat?post=57471"},{"taxonomy":"product_tag","embeddable":true,"href":"https:\/\/salonselements.com\/es\/wp-json\/wp\/v2\/product_tag?post=57471"}],"curies":[{"name":"wp","href":"https:\/\/api.w.org\/{rel}","templated":true}]}}