{"id":57284,"date":"2023-11-28T14:08:29","date_gmt":"2023-11-28T14:08:29","guid":{"rendered":"https:\/\/salonselements.lv\/produkts\/zocalo-md001\/"},"modified":"2025-09-01T17:19:37","modified_gmt":"2025-09-01T17:19:37","slug":"zocalo-md001","status":"publish","type":"product","link":"https:\/\/salonselements.com\/es\/produkts\/zocalo-md001\/","title":{"rendered":"Z\u00f3calo MD001"},"content":{"rendered":"<p><span data-sheets-root=\"1\">El perfil de rodapi\u00e9 MD001, fabricado con material Polyforce, es un perfil peque\u00f1o con un dise\u00f1o moderno que aporta un toque sofisticado al interior. Sus l\u00edneas suaves realzan el estilo de la estancia sin sobrecargarla. Gracias a las propiedades del material, el rodapi\u00e9 es ligero, resistente a la humedad y a la radiaci\u00f3n UV, lo que garantiza su durabilidad y una f\u00e1cil instalaci\u00f3n.<\/span><\/p>\n","protected":false},"excerpt":{"rendered":"<p>El perfil de rodapi\u00e9 MD001, fabricado con material Polyforce, es un perfil peque\u00f1o con un dise\u00f1o moderno que aporta un toque sofisticado al interior. Sus l\u00edneas suaves realzan el estilo de la estancia sin sobrecargarla. Gracias a las propiedades del material, el rodapi\u00e9 es ligero, resistente a la humedad y a la radiaci\u00f3n UV, lo [&hellip;]<\/p>\n","protected":false},"featured_media":57401,"template":"","meta":{"_acf_changed":false},"product_brand":[],"product_cat":[10240],"product_tag":[],"class_list":{"0":"post-57284","1":"product","2":"type-product","3":"status-publish","4":"has-post-thumbnail","6":"product_cat-rodapies","7":"pa_augstums-21mm-es","8":"pa_garums-2000mm-es","9":"pa_materials-polyforce-es","10":"pa_platums-21mm-es","11":"pa_razotajs-mardom-decor-es","13":"first","14":"instock","15":"shipping-taxable","16":"purchasable","17":"product-type-simple"},"acf":[],"_links":{"self":[{"href":"https:\/\/salonselements.com\/es\/wp-json\/wp\/v2\/product\/57284","targetHints":{"allow":["GET"]}}],"collection":[{"href":"https:\/\/salonselements.com\/es\/wp-json\/wp\/v2\/product"}],"about":[{"href":"https:\/\/salonselements.com\/es\/wp-json\/wp\/v2\/types\/product"}],"wp:featuredmedia":[{"embeddable":true,"href":"https:\/\/salonselements.com\/es\/wp-json\/wp\/v2\/media\/57401"}],"wp:attachment":[{"href":"https:\/\/salonselements.com\/es\/wp-json\/wp\/v2\/media?parent=57284"}],"wp:term":[{"taxonomy":"product_brand","embeddable":true,"href":"https:\/\/salonselements.com\/es\/wp-json\/wp\/v2\/product_brand?post=57284"},{"taxonomy":"product_cat","embeddable":true,"href":"https:\/\/salonselements.com\/es\/wp-json\/wp\/v2\/product_cat?post=57284"},{"taxonomy":"product_tag","embeddable":true,"href":"https:\/\/salonselements.com\/es\/wp-json\/wp\/v2\/product_tag?post=57284"}],"curies":[{"name":"wp","href":"https:\/\/api.w.org\/{rel}","templated":true}]}}