{"id":56961,"date":"2023-11-28T14:04:23","date_gmt":"2023-11-28T14:04:23","guid":{"rendered":"https:\/\/salonselements.lv\/produkts\/moldura-de-fachada-mc145\/"},"modified":"2025-09-01T17:23:06","modified_gmt":"2025-09-01T17:23:06","slug":"moldura-de-fachada-mc145","status":"publish","type":"product","link":"https:\/\/salonselements.com\/es\/produkts\/moldura-de-fachada-mc145\/","title":{"rendered":"Moldura de fachada MC145"},"content":{"rendered":"<p><span data-sheets-root=\"1\">La moldura de fachada MC145 es un exquisito elemento decorativo fabricado con poliestireno de alta calidad y recubierto con una capa protectora de masa acr\u00edlica resistente y arena de cuarzo. Este alf\u00e9izar ser\u00e1 la opci\u00f3n ideal para crear un toque decorativo, d\u00e1ndole a su hogar un aspecto \u00fanico y elegante.<br \/>\nnLos materiales utilizados en su producci\u00f3n garantizan resistencia a cualquier clima, garantizando una larga vida \u00fatil. Gracias a su peso ligero, las decoraciones de fachada son f\u00e1ciles de instalar en cualquier superficie.<\/span><\/p>\n","protected":false},"excerpt":{"rendered":"<p>La moldura de fachada MC145 es un exquisito elemento decorativo fabricado con poliestireno de alta calidad y recubierto con una capa protectora de masa acr\u00edlica resistente y arena de cuarzo. Este alf\u00e9izar ser\u00e1 la opci\u00f3n ideal para crear un toque decorativo, d\u00e1ndole a su hogar un aspecto \u00fanico y elegante. nLos materiales utilizados en su [&hellip;]<\/p>\n","protected":false},"featured_media":56972,"template":"","meta":{"_acf_changed":false},"product_brand":[],"product_cat":[10250,10252,10254],"product_tag":[],"class_list":{"0":"post-56961","1":"product","2":"type-product","3":"status-publish","4":"has-post-thumbnail","6":"product_cat-elementos-de-fachada","7":"product_cat-molduras-de-fachada","8":"product_cat-entresuelo","9":"pa_augstums-160mm-es","10":"pa_garums-2000mm-es","11":"pa_materials-polistirols-ar-akrila-masas-slani-es","12":"pa_platums-25mm-es","14":"first","15":"instock","16":"shipping-taxable","17":"purchasable","18":"product-type-simple"},"acf":[],"_links":{"self":[{"href":"https:\/\/salonselements.com\/es\/wp-json\/wp\/v2\/product\/56961","targetHints":{"allow":["GET"]}}],"collection":[{"href":"https:\/\/salonselements.com\/es\/wp-json\/wp\/v2\/product"}],"about":[{"href":"https:\/\/salonselements.com\/es\/wp-json\/wp\/v2\/types\/product"}],"wp:featuredmedia":[{"embeddable":true,"href":"https:\/\/salonselements.com\/es\/wp-json\/wp\/v2\/media\/56972"}],"wp:attachment":[{"href":"https:\/\/salonselements.com\/es\/wp-json\/wp\/v2\/media?parent=56961"}],"wp:term":[{"taxonomy":"product_brand","embeddable":true,"href":"https:\/\/salonselements.com\/es\/wp-json\/wp\/v2\/product_brand?post=56961"},{"taxonomy":"product_cat","embeddable":true,"href":"https:\/\/salonselements.com\/es\/wp-json\/wp\/v2\/product_cat?post=56961"},{"taxonomy":"product_tag","embeddable":true,"href":"https:\/\/salonselements.com\/es\/wp-json\/wp\/v2\/product_tag?post=56961"}],"curies":[{"name":"wp","href":"https:\/\/api.w.org\/{rel}","templated":true}]}}