{"id":56615,"date":"2023-11-28T14:03:42","date_gmt":"2023-11-28T14:03:42","guid":{"rendered":"https:\/\/salonselements.lv\/produkts\/moldura-de-fachada-mc115\/"},"modified":"2025-09-01T17:23:58","modified_gmt":"2025-09-01T17:23:58","slug":"moldura-de-fachada-mc115","status":"publish","type":"product","link":"https:\/\/salonselements.com\/es\/produkts\/moldura-de-fachada-mc115\/","title":{"rendered":"Moldura de fachada MC115"},"content":{"rendered":"<p><span data-sheets-root=\"1\">La moldura de fachada MC115 es un exquisito elemento decorativo fabricado con poliestireno de alta calidad y recubierto con una capa protectora de masa acr\u00edlica resistente y arena de cuarzo. Este alf\u00e9izar ser\u00e1 la opci\u00f3n ideal para crear un toque decorativo, d\u00e1ndole a su hogar un aspecto \u00fanico y elegante.<br \/>\nnLos materiales utilizados en su producci\u00f3n garantizan resistencia a cualquier clima, garantizando una larga vida \u00fatil. Gracias a su peso ligero, las decoraciones de fachada son f\u00e1ciles de instalar en cualquier superficie.<\/span><\/p>\n","protected":false},"excerpt":{"rendered":"<p>La moldura de fachada MC115 es un exquisito elemento decorativo fabricado con poliestireno de alta calidad y recubierto con una capa protectora de masa acr\u00edlica resistente y arena de cuarzo. Este alf\u00e9izar ser\u00e1 la opci\u00f3n ideal para crear un toque decorativo, d\u00e1ndole a su hogar un aspecto \u00fanico y elegante. nLos materiales utilizados en su [&hellip;]<\/p>\n","protected":false},"featured_media":0,"template":"","meta":{"_acf_changed":false},"product_brand":[],"product_cat":[10252,10250],"product_tag":[],"class_list":{"0":"post-56615","1":"product","2":"type-product","3":"status-publish","5":"product_cat-molduras-de-fachada","6":"product_cat-elementos-de-fachada","7":"pa_augstums-120mm","8":"pa_garums-2000mm-es","9":"pa_materials-polistirols-ar-akrila-masas-slani-es","10":"pa_platums-40mm-es","12":"first","13":"instock","14":"shipping-taxable","15":"purchasable","16":"product-type-simple"},"acf":[],"_links":{"self":[{"href":"https:\/\/salonselements.com\/es\/wp-json\/wp\/v2\/product\/56615","targetHints":{"allow":["GET"]}}],"collection":[{"href":"https:\/\/salonselements.com\/es\/wp-json\/wp\/v2\/product"}],"about":[{"href":"https:\/\/salonselements.com\/es\/wp-json\/wp\/v2\/types\/product"}],"wp:attachment":[{"href":"https:\/\/salonselements.com\/es\/wp-json\/wp\/v2\/media?parent=56615"}],"wp:term":[{"taxonomy":"product_brand","embeddable":true,"href":"https:\/\/salonselements.com\/es\/wp-json\/wp\/v2\/product_brand?post=56615"},{"taxonomy":"product_cat","embeddable":true,"href":"https:\/\/salonselements.com\/es\/wp-json\/wp\/v2\/product_cat?post=56615"},{"taxonomy":"product_tag","embeddable":true,"href":"https:\/\/salonselements.com\/es\/wp-json\/wp\/v2\/product_tag?post=56615"}],"curies":[{"name":"wp","href":"https:\/\/api.w.org\/{rel}","templated":true}]}}