{"id":56206,"date":"2023-11-28T14:06:12","date_gmt":"2023-11-28T14:06:12","guid":{"rendered":"https:\/\/salonselements.lv\/produkts\/columna-lc103-2\/"},"modified":"2025-09-01T17:21:08","modified_gmt":"2025-09-01T17:21:08","slug":"columna-lc103-2","status":"publish","type":"product","link":"https:\/\/salonselements.com\/es\/produkts\/columna-lc103-2\/","title":{"rendered":"Columna LC103-2"},"content":{"rendered":"<p><span data-sheets-root=\"1\">La columna LC103-2 es un exquisito elemento decorativo fabricado con poliestireno de alta calidad y recubierto con una capa protectora de acr\u00edlico resistente y arena de cuarzo. Este alf\u00e9izar ser\u00e1 la opci\u00f3n perfecta para crear un toque decorativo, d\u00e1ndole a su hogar un aspecto \u00fanico y elegante.<br \/>\nnLos materiales utilizados en su fabricaci\u00f3n garantizan resistencia a cualquier clima, garantizando una larga vida \u00fatil. Gracias a su ligereza, las decoraciones de fachada son f\u00e1ciles de instalar en cualquier superficie.<\/span><\/p>\n","protected":false},"excerpt":{"rendered":"<p>La columna LC103-2 es un exquisito elemento decorativo fabricado con poliestireno de alta calidad y recubierto con una capa protectora de acr\u00edlico resistente y arena de cuarzo. Este alf\u00e9izar ser\u00e1 la opci\u00f3n perfecta para crear un toque decorativo, d\u00e1ndole a su hogar un aspecto \u00fanico y elegante. nLos materiales utilizados en su fabricaci\u00f3n garantizan resistencia [&hellip;]<\/p>\n","protected":false},"featured_media":56217,"template":"","meta":{"_acf_changed":false},"product_brand":[],"product_cat":[10250,10257],"product_tag":[],"class_list":{"0":"post-56206","1":"product","2":"type-product","3":"status-publish","4":"has-post-thumbnail","6":"product_cat-elementos-de-fachada","7":"product_cat-columnas-de-fachada","8":"pa_augstums-2000mm-es","9":"pa_diametrs-405mm-es","10":"pa_materials-polistirols-ar-akrila-masas-slani-es","12":"first","13":"instock","14":"shipping-taxable","15":"purchasable","16":"product-type-simple"},"acf":[],"_links":{"self":[{"href":"https:\/\/salonselements.com\/es\/wp-json\/wp\/v2\/product\/56206","targetHints":{"allow":["GET"]}}],"collection":[{"href":"https:\/\/salonselements.com\/es\/wp-json\/wp\/v2\/product"}],"about":[{"href":"https:\/\/salonselements.com\/es\/wp-json\/wp\/v2\/types\/product"}],"wp:featuredmedia":[{"embeddable":true,"href":"https:\/\/salonselements.com\/es\/wp-json\/wp\/v2\/media\/56217"}],"wp:attachment":[{"href":"https:\/\/salonselements.com\/es\/wp-json\/wp\/v2\/media?parent=56206"}],"wp:term":[{"taxonomy":"product_brand","embeddable":true,"href":"https:\/\/salonselements.com\/es\/wp-json\/wp\/v2\/product_brand?post=56206"},{"taxonomy":"product_cat","embeddable":true,"href":"https:\/\/salonselements.com\/es\/wp-json\/wp\/v2\/product_cat?post=56206"},{"taxonomy":"product_tag","embeddable":true,"href":"https:\/\/salonselements.com\/es\/wp-json\/wp\/v2\/product_tag?post=56206"}],"curies":[{"name":"wp","href":"https:\/\/api.w.org\/{rel}","templated":true}]}}