{"id":55677,"date":"2023-11-28T14:20:29","date_gmt":"2023-11-28T14:20:29","guid":{"rendered":"https:\/\/salonselements.lv\/produkts\/panel-de-pared-l0101\/"},"modified":"2025-09-01T17:10:06","modified_gmt":"2025-09-01T17:10:06","slug":"panel-de-pared-l0101","status":"publish","type":"product","link":"https:\/\/salonselements.com\/es\/produkts\/panel-de-pared-l0101\/","title":{"rendered":"Panel de pared L0101"},"content":{"rendered":"<p><span data-sheets-root=\"1\">Panel de pared L0101 fabricado con Polyforce: una soluci\u00f3n moderna para crear acentos en interiores. Sus l\u00edneas rectas y definidas confieren a las paredes una geometr\u00eda definida y un elegante relieve, mientras que su expresiva estructura tridimensional ampl\u00eda visualmente el espacio, aportando profundidad y dinamismo. Gracias a las propiedades \u00fanicas del material, es ligero, altamente resistente a la humedad y a los rayos UV, lo que garantiza su durabilidad y facilidad de instalaci\u00f3n.<\/span><\/p>\n","protected":false},"excerpt":{"rendered":"<p>Panel de pared L0101 fabricado con Polyforce: una soluci\u00f3n moderna para crear acentos en interiores. Sus l\u00edneas rectas y definidas confieren a las paredes una geometr\u00eda definida y un elegante relieve, mientras que su expresiva estructura tridimensional ampl\u00eda visualmente el espacio, aportando profundidad y dinamismo. Gracias a las propiedades \u00fanicas del material, es ligero, altamente [&hellip;]<\/p>\n","protected":false},"featured_media":55696,"template":"","meta":{"_acf_changed":false},"product_brand":[],"product_cat":[10259],"product_tag":[],"class_list":{"0":"post-55677","1":"product","2":"type-product","3":"status-publish","4":"has-post-thumbnail","6":"product_cat-paneles-de-pared","7":"pa_augstums-2700mm-es","8":"pa_dzilums-12mm-es","9":"pa_materials-polyforce-es","10":"pa_platums-120mm-es","11":"pa_razotajs-mardom-decor-es","13":"first","14":"instock","15":"shipping-taxable","16":"purchasable","17":"product-type-simple"},"acf":[],"_links":{"self":[{"href":"https:\/\/salonselements.com\/es\/wp-json\/wp\/v2\/product\/55677","targetHints":{"allow":["GET"]}}],"collection":[{"href":"https:\/\/salonselements.com\/es\/wp-json\/wp\/v2\/product"}],"about":[{"href":"https:\/\/salonselements.com\/es\/wp-json\/wp\/v2\/types\/product"}],"wp:featuredmedia":[{"embeddable":true,"href":"https:\/\/salonselements.com\/es\/wp-json\/wp\/v2\/media\/55696"}],"wp:attachment":[{"href":"https:\/\/salonselements.com\/es\/wp-json\/wp\/v2\/media?parent=55677"}],"wp:term":[{"taxonomy":"product_brand","embeddable":true,"href":"https:\/\/salonselements.com\/es\/wp-json\/wp\/v2\/product_brand?post=55677"},{"taxonomy":"product_cat","embeddable":true,"href":"https:\/\/salonselements.com\/es\/wp-json\/wp\/v2\/product_cat?post=55677"},{"taxonomy":"product_tag","embeddable":true,"href":"https:\/\/salonselements.com\/es\/wp-json\/wp\/v2\/product_tag?post=55677"}],"curies":[{"name":"wp","href":"https:\/\/api.w.org\/{rel}","templated":true}]}}