{"id":55659,"date":"2023-11-28T14:12:15","date_gmt":"2023-11-28T14:12:15","guid":{"rendered":"https:\/\/salonselements.lv\/produkts\/cornisa-de-cortina-kf802\/"},"modified":"2025-09-01T17:16:36","modified_gmt":"2025-09-01T17:16:36","slug":"cornisa-de-cortina-kf802","status":"publish","type":"product","link":"https:\/\/salonselements.com\/es\/produkts\/cornisa-de-cortina-kf802\/","title":{"rendered":"Cornisa de cortina KF802"},"content":{"rendered":"<p><span data-sheets-root=\"1\">La barra de cortina de poliuretano KF802 es una soluci\u00f3n elegante y pr\u00e1ctica para complementar el interior. Su perfil cl\u00e1sico permite ocultar el riel de la cortina y realza el interior. Gracias a las propiedades del material, la cornisa es ligera, resistente a la humedad y a los rayos ultravioleta, lo que garantiza su durabilidad y f\u00e1cil montaje. Tambi\u00e9n disponible en la versi\u00f3n flexible FLEX.<\/span><\/p>\n","protected":false},"excerpt":{"rendered":"<p>La barra de cortina de poliuretano KF802 es una soluci\u00f3n elegante y pr\u00e1ctica para complementar el interior. Su perfil cl\u00e1sico permite ocultar el riel de la cortina y realza el interior. Gracias a las propiedades del material, la cornisa es ligera, resistente a la humedad y a los rayos ultravioleta, lo que garantiza su durabilidad [&hellip;]<\/p>\n","protected":false},"featured_media":55669,"template":"","meta":{"_acf_changed":false},"product_brand":[],"product_cat":[10234,10237],"product_tag":[],"class_list":{"0":"post-55659","1":"product","2":"type-product","3":"status-publish","4":"has-post-thumbnail","6":"product_cat-cornisas-de-techo","7":"product_cat-barras-de-cortina","8":"pa_augstums-120mm","9":"pa_garums-2000mm-es","10":"pa_materials-poliuretans-es","11":"pa_platums-100mm-es","12":"pa_razotajs-elite-decor-es","14":"first","15":"instock","16":"shipping-taxable","17":"purchasable","18":"product-type-simple"},"acf":[],"_links":{"self":[{"href":"https:\/\/salonselements.com\/es\/wp-json\/wp\/v2\/product\/55659","targetHints":{"allow":["GET"]}}],"collection":[{"href":"https:\/\/salonselements.com\/es\/wp-json\/wp\/v2\/product"}],"about":[{"href":"https:\/\/salonselements.com\/es\/wp-json\/wp\/v2\/types\/product"}],"wp:featuredmedia":[{"embeddable":true,"href":"https:\/\/salonselements.com\/es\/wp-json\/wp\/v2\/media\/55669"}],"wp:attachment":[{"href":"https:\/\/salonselements.com\/es\/wp-json\/wp\/v2\/media?parent=55659"}],"wp:term":[{"taxonomy":"product_brand","embeddable":true,"href":"https:\/\/salonselements.com\/es\/wp-json\/wp\/v2\/product_brand?post=55659"},{"taxonomy":"product_cat","embeddable":true,"href":"https:\/\/salonselements.com\/es\/wp-json\/wp\/v2\/product_cat?post=55659"},{"taxonomy":"product_tag","embeddable":true,"href":"https:\/\/salonselements.com\/es\/wp-json\/wp\/v2\/product_tag?post=55659"}],"curies":[{"name":"wp","href":"https:\/\/api.w.org\/{rel}","templated":true}]}}