{"id":54978,"date":"2023-11-28T14:07:13","date_gmt":"2023-11-28T14:07:13","guid":{"rendered":"https:\/\/salonselements.lv\/produkts\/cornisa-de-luz-il6\/"},"modified":"2025-09-01T17:20:28","modified_gmt":"2025-09-01T17:20:28","slug":"cornisa-de-luz-il6","status":"publish","type":"product","link":"https:\/\/salonselements.com\/es\/produkts\/cornisa-de-luz-il6\/","title":{"rendered":"Cornisa de luz IL6"},"content":{"rendered":"<p><span data-sheets-root=\"1\">La cornisa IL6 para iluminaci\u00f3n LED oculta, fabricada con material Polyforce, es una soluci\u00f3n moderna para interiores. Gracias a las propiedades del material, la cornisa es ligera y ofrece una excelente resistencia a la humedad y a los rayos UV, lo que garantiza su larga vida \u00fatil y una f\u00e1cil instalaci\u00f3n.<\/span><\/p>\n","protected":false},"excerpt":{"rendered":"<p>La cornisa IL6 para iluminaci\u00f3n LED oculta, fabricada con material Polyforce, es una soluci\u00f3n moderna para interiores. Gracias a las propiedades del material, la cornisa es ligera y ofrece una excelente resistencia a la humedad y a los rayos UV, lo que garantiza su larga vida \u00fatil y una f\u00e1cil instalaci\u00f3n.<\/p>\n","protected":false},"featured_media":54988,"template":"","meta":{"_acf_changed":false},"product_brand":[],"product_cat":[10241],"product_tag":[],"class_list":{"0":"post-54978","1":"product","2":"type-product","3":"status-publish","4":"has-post-thumbnail","6":"product_cat-cornisas-ligeras","7":"pa_augstums-92mm-es","8":"pa_garums-2000mm-es","9":"pa_materials-poliuretans-es","10":"pa_platums-50mm-es","11":"pa_razotajs-nmc-es","13":"first","14":"instock","15":"shipping-taxable","16":"purchasable","17":"product-type-simple"},"acf":[],"_links":{"self":[{"href":"https:\/\/salonselements.com\/es\/wp-json\/wp\/v2\/product\/54978","targetHints":{"allow":["GET"]}}],"collection":[{"href":"https:\/\/salonselements.com\/es\/wp-json\/wp\/v2\/product"}],"about":[{"href":"https:\/\/salonselements.com\/es\/wp-json\/wp\/v2\/types\/product"}],"wp:featuredmedia":[{"embeddable":true,"href":"https:\/\/salonselements.com\/es\/wp-json\/wp\/v2\/media\/54988"}],"wp:attachment":[{"href":"https:\/\/salonselements.com\/es\/wp-json\/wp\/v2\/media?parent=54978"}],"wp:term":[{"taxonomy":"product_brand","embeddable":true,"href":"https:\/\/salonselements.com\/es\/wp-json\/wp\/v2\/product_brand?post=54978"},{"taxonomy":"product_cat","embeddable":true,"href":"https:\/\/salonselements.com\/es\/wp-json\/wp\/v2\/product_cat?post=54978"},{"taxonomy":"product_tag","embeddable":true,"href":"https:\/\/salonselements.com\/es\/wp-json\/wp\/v2\/product_tag?post=54978"}],"curies":[{"name":"wp","href":"https:\/\/api.w.org\/{rel}","templated":true}]}}