{"id":54625,"date":"2023-11-28T14:00:42","date_gmt":"2023-11-28T14:00:42","guid":{"rendered":"https:\/\/salonselements.lv\/produkts\/elemento-de-borde-de-puerta-d3543\/"},"modified":"2025-09-01T17:31:02","modified_gmt":"2025-09-01T17:31:02","slug":"elemento-de-borde-de-puerta-d3543","status":"publish","type":"product","link":"https:\/\/salonselements.com\/es\/produkts\/elemento-de-borde-de-puerta-d3543\/","title":{"rendered":"Elemento de borde de puerta D3543"},"content":{"rendered":"<p><span data-sheets-root=\"1\">Decoraci\u00f3n de poliuretano D3543: un elemento cl\u00e1sico que puede utilizarse para crear cenefas de puerta. Gracias a sus propiedades \u00fanicas, es ligero, altamente resistente a la humedad y a los rayos UV, lo que garantiza su durabilidad y facilidad de instalaci\u00f3n.<\/span><\/p>\n","protected":false},"excerpt":{"rendered":"<p>Decoraci\u00f3n de poliuretano D3543: un elemento cl\u00e1sico que puede utilizarse para crear cenefas de puerta. Gracias a sus propiedades \u00fanicas, es ligero, altamente resistente a la humedad y a los rayos UV, lo que garantiza su durabilidad y facilidad de instalaci\u00f3n.<\/p>\n","protected":false},"featured_media":54634,"template":"","meta":{"_acf_changed":false},"product_brand":[],"product_cat":[10243,10248],"product_tag":[],"class_list":{"0":"post-54625","1":"product","2":"type-product","3":"status-publish","4":"has-post-thumbnail","6":"product_cat-elementos-decorativos","7":"product_cat-molduras-de-las-puertas","8":"pa_augstums-97-mm-es","9":"pa_dzilums-40mm-es","10":"pa_materials-poliuretans-es","11":"pa_platums-97mm-es","12":"pa_razotajs-mardom-decor-es","14":"first","15":"instock","16":"shipping-taxable","17":"purchasable","18":"product-type-simple"},"acf":[],"_links":{"self":[{"href":"https:\/\/salonselements.com\/es\/wp-json\/wp\/v2\/product\/54625","targetHints":{"allow":["GET"]}}],"collection":[{"href":"https:\/\/salonselements.com\/es\/wp-json\/wp\/v2\/product"}],"about":[{"href":"https:\/\/salonselements.com\/es\/wp-json\/wp\/v2\/types\/product"}],"wp:featuredmedia":[{"embeddable":true,"href":"https:\/\/salonselements.com\/es\/wp-json\/wp\/v2\/media\/54634"}],"wp:attachment":[{"href":"https:\/\/salonselements.com\/es\/wp-json\/wp\/v2\/media?parent=54625"}],"wp:term":[{"taxonomy":"product_brand","embeddable":true,"href":"https:\/\/salonselements.com\/es\/wp-json\/wp\/v2\/product_brand?post=54625"},{"taxonomy":"product_cat","embeddable":true,"href":"https:\/\/salonselements.com\/es\/wp-json\/wp\/v2\/product_cat?post=54625"},{"taxonomy":"product_tag","embeddable":true,"href":"https:\/\/salonselements.com\/es\/wp-json\/wp\/v2\/product_tag?post=54625"}],"curies":[{"name":"wp","href":"https:\/\/api.w.org\/{rel}","templated":true}]}}