{"id":54363,"date":"2023-11-28T14:16:44","date_gmt":"2023-11-28T14:16:44","guid":{"rendered":"https:\/\/salonselements.lv\/produkts\/moldeo-cr812\/"},"modified":"2025-09-01T17:12:17","modified_gmt":"2025-09-01T17:12:17","slug":"moldeo-cr812","status":"publish","type":"product","link":"https:\/\/salonselements.com\/es\/produkts\/moldeo-cr812\/","title":{"rendered":"Moldeo CR812"},"content":{"rendered":"<p><span data-sheets-root=\"1\">Moldura de pared de poliuretano CR812: una moldura de perfil cl\u00e1sico que permite crear marcos decorativos, zonificar espacios, decorar puertas y dise\u00f1ar muebles, manteniendo un estilo interior uniforme. Gracias a sus propiedades \u00fanicas, es ligera y resistente a los rayos UV y a la humedad, lo que garantiza su durabilidad y f\u00e1cil instalaci\u00f3n.<\/span><\/p>\n","protected":false},"excerpt":{"rendered":"<p>Moldura de pared de poliuretano CR812: una moldura de perfil cl\u00e1sico que permite crear marcos decorativos, zonificar espacios, decorar puertas y dise\u00f1ar muebles, manteniendo un estilo interior uniforme. Gracias a sus propiedades \u00fanicas, es ligera y resistente a los rayos UV y a la humedad, lo que garantiza su durabilidad y f\u00e1cil instalaci\u00f3n.<\/p>\n","protected":false},"featured_media":54374,"template":"","meta":{"_acf_changed":false},"product_brand":[],"product_cat":[10239],"product_tag":[],"class_list":{"0":"post-54363","1":"product","2":"type-product","3":"status-publish","4":"has-post-thumbnail","6":"product_cat-molduras","7":"pa_augstums-103mm-es","8":"pa_garums-2000mm-es","9":"pa_materials-poliuretans-es","10":"pa_platums-41mm-es","11":"pa_razotajs-elite-decor-es","13":"first","14":"instock","15":"shipping-taxable","16":"purchasable","17":"product-type-simple"},"acf":[],"_links":{"self":[{"href":"https:\/\/salonselements.com\/es\/wp-json\/wp\/v2\/product\/54363","targetHints":{"allow":["GET"]}}],"collection":[{"href":"https:\/\/salonselements.com\/es\/wp-json\/wp\/v2\/product"}],"about":[{"href":"https:\/\/salonselements.com\/es\/wp-json\/wp\/v2\/types\/product"}],"wp:featuredmedia":[{"embeddable":true,"href":"https:\/\/salonselements.com\/es\/wp-json\/wp\/v2\/media\/54374"}],"wp:attachment":[{"href":"https:\/\/salonselements.com\/es\/wp-json\/wp\/v2\/media?parent=54363"}],"wp:term":[{"taxonomy":"product_brand","embeddable":true,"href":"https:\/\/salonselements.com\/es\/wp-json\/wp\/v2\/product_brand?post=54363"},{"taxonomy":"product_cat","embeddable":true,"href":"https:\/\/salonselements.com\/es\/wp-json\/wp\/v2\/product_cat?post=54363"},{"taxonomy":"product_tag","embeddable":true,"href":"https:\/\/salonselements.com\/es\/wp-json\/wp\/v2\/product_tag?post=54363"}],"curies":[{"name":"wp","href":"https:\/\/api.w.org\/{rel}","templated":true}]}}