{"id":54197,"date":"2023-11-28T13:59:36","date_gmt":"2023-11-28T13:59:36","guid":{"rendered":"https:\/\/salonselements.lv\/produkts\/decoracion-a673\/"},"modified":"2025-09-01T17:33:24","modified_gmt":"2025-09-01T17:33:24","slug":"decoracion-a673","status":"publish","type":"product","link":"https:\/\/salonselements.com\/es\/produkts\/decoracion-a673\/","title":{"rendered":"Decoraci\u00f3n A673"},"content":{"rendered":"<p><span data-sheets-root=\"1\">Adorno decorativo de poliuretano A673. Se puede usar para decorar paredes, techos y muebles. Gracias a sus propiedades \u00fanicas, es ligero, resistente a la humedad y a los rayos UV, lo que garantiza su durabilidad y f\u00e1cil instalaci\u00f3n.<\/span><\/p>\n","protected":false},"excerpt":{"rendered":"<p>Adorno decorativo de poliuretano A673. Se puede usar para decorar paredes, techos y muebles. Gracias a sus propiedades \u00fanicas, es ligero, resistente a la humedad y a los rayos UV, lo que garantiza su durabilidad y f\u00e1cil instalaci\u00f3n.<\/p>\n","protected":false},"featured_media":54202,"template":"","meta":{"_acf_changed":false},"product_brand":[],"product_cat":[10243,10245],"product_tag":[],"class_list":{"0":"post-54197","1":"product","2":"type-product","3":"status-publish","4":"has-post-thumbnail","6":"product_cat-elementos-decorativos","7":"product_cat-decoraciones","8":"pa_augstums-63mm-es","9":"pa_dzilums-10mm-es","10":"pa_materials-poliuretans-es","11":"pa_platums-63mm-es","12":"pa_razotajs-elite-decor-es","14":"first","15":"instock","16":"shipping-taxable","17":"purchasable","18":"product-type-simple"},"acf":[],"_links":{"self":[{"href":"https:\/\/salonselements.com\/es\/wp-json\/wp\/v2\/product\/54197","targetHints":{"allow":["GET"]}}],"collection":[{"href":"https:\/\/salonselements.com\/es\/wp-json\/wp\/v2\/product"}],"about":[{"href":"https:\/\/salonselements.com\/es\/wp-json\/wp\/v2\/types\/product"}],"wp:featuredmedia":[{"embeddable":true,"href":"https:\/\/salonselements.com\/es\/wp-json\/wp\/v2\/media\/54202"}],"wp:attachment":[{"href":"https:\/\/salonselements.com\/es\/wp-json\/wp\/v2\/media?parent=54197"}],"wp:term":[{"taxonomy":"product_brand","embeddable":true,"href":"https:\/\/salonselements.com\/es\/wp-json\/wp\/v2\/product_brand?post=54197"},{"taxonomy":"product_cat","embeddable":true,"href":"https:\/\/salonselements.com\/es\/wp-json\/wp\/v2\/product_cat?post=54197"},{"taxonomy":"product_tag","embeddable":true,"href":"https:\/\/salonselements.com\/es\/wp-json\/wp\/v2\/product_tag?post=54197"}],"curies":[{"name":"wp","href":"https:\/\/api.w.org\/{rel}","templated":true}]}}