{"id":54004,"date":"2023-11-28T14:01:51","date_gmt":"2023-11-28T14:01:51","guid":{"rendered":"https:\/\/salonselements.lv\/produkts\/pilastra-4-21-201\/"},"modified":"2025-09-01T17:27:04","modified_gmt":"2025-09-01T17:27:04","slug":"pilastra-4-21-201","status":"publish","type":"product","link":"https:\/\/salonselements.com\/es\/produkts\/pilastra-4-21-201\/","title":{"rendered":"Pilastra 4.21.201"},"content":{"rendered":"<p><span data-sheets-root=\"1\">Elemento de columna de poliuretano 4.21.201. Gracias a sus propiedades \u00fanicas, es ligero, resistente a la humedad y a los rayos UV, lo que garantiza una f\u00e1cil instalaci\u00f3n y una larga vida \u00fatil.<\/span><\/p>\n","protected":false},"excerpt":{"rendered":"<p>Elemento de columna de poliuretano 4.21.201. Gracias a sus propiedades \u00fanicas, es ligero, resistente a la humedad y a los rayos UV, lo que garantiza una f\u00e1cil instalaci\u00f3n y una larga vida \u00fatil.<\/p>\n","protected":false},"featured_media":54013,"template":"","meta":{"_acf_changed":false},"product_brand":[],"product_cat":[10243,10246],"product_tag":[],"class_list":{"0":"post-54004","1":"product","2":"type-product","3":"status-publish","4":"has-post-thumbnail","6":"product_cat-elementos-decorativos","7":"product_cat-pilastras","8":"pa_augstums-163mm-es","9":"pa_dzilums-97mm-es","10":"pa_materials-poliuretans-es","11":"pa_platums-446mm-es","12":"pa_razotajs-gaudi-decor","14":"first","15":"instock","16":"shipping-taxable","17":"purchasable","18":"product-type-simple"},"acf":[],"_links":{"self":[{"href":"https:\/\/salonselements.com\/es\/wp-json\/wp\/v2\/product\/54004","targetHints":{"allow":["GET"]}}],"collection":[{"href":"https:\/\/salonselements.com\/es\/wp-json\/wp\/v2\/product"}],"about":[{"href":"https:\/\/salonselements.com\/es\/wp-json\/wp\/v2\/types\/product"}],"wp:featuredmedia":[{"embeddable":true,"href":"https:\/\/salonselements.com\/es\/wp-json\/wp\/v2\/media\/54013"}],"wp:attachment":[{"href":"https:\/\/salonselements.com\/es\/wp-json\/wp\/v2\/media?parent=54004"}],"wp:term":[{"taxonomy":"product_brand","embeddable":true,"href":"https:\/\/salonselements.com\/es\/wp-json\/wp\/v2\/product_brand?post=54004"},{"taxonomy":"product_cat","embeddable":true,"href":"https:\/\/salonselements.com\/es\/wp-json\/wp\/v2\/product_cat?post=54004"},{"taxonomy":"product_tag","embeddable":true,"href":"https:\/\/salonselements.com\/es\/wp-json\/wp\/v2\/product_tag?post=54004"}],"curies":[{"name":"wp","href":"https:\/\/api.w.org\/{rel}","templated":true}]}}