{"id":53984,"date":"2023-11-28T13:59:09","date_gmt":"2023-11-28T13:59:09","guid":{"rendered":"https:\/\/salonselements.lv\/produkts\/chimenea-1-64-004\/"},"modified":"2025-09-01T17:33:44","modified_gmt":"2025-09-01T17:33:44","slug":"chimenea-1-64-004","status":"publish","type":"product","link":"https:\/\/salonselements.com\/es\/produkts\/chimenea-1-64-004\/","title":{"rendered":"Chimenea 1.64.004"},"content":{"rendered":"<p><span data-sheets-root=\"1\">La chimenea de poliuretano 1.64.004 es un elegante detalle que aporta calidez y sofisticaci\u00f3n al interior. Crea un ambiente c\u00e1lido y armonioso, ideal para cualquier estilo de decoraci\u00f3n. Gracias a sus propiedades \u00fanicas, es ligera, altamente resistente a la humedad y a los rayos UV, lo que garantiza una larga vida \u00fatil y una f\u00e1cil instalaci\u00f3n.<\/span><\/p>\n","protected":false},"excerpt":{"rendered":"<p>La chimenea de poliuretano 1.64.004 es un elegante detalle que aporta calidez y sofisticaci\u00f3n al interior. Crea un ambiente c\u00e1lido y armonioso, ideal para cualquier estilo de decoraci\u00f3n. Gracias a sus propiedades \u00fanicas, es ligera, altamente resistente a la humedad y a los rayos UV, lo que garantiza una larga vida \u00fatil y una f\u00e1cil [&hellip;]<\/p>\n","protected":false},"featured_media":53993,"template":"","meta":{"_acf_changed":false},"product_brand":[],"product_cat":[10243,10249],"product_tag":[],"class_list":{"0":"post-53984","1":"product","2":"type-product","3":"status-publish","4":"has-post-thumbnail","6":"product_cat-elementos-decorativos","7":"product_cat-chimeneas-decorativas","8":"pa_augstums-1097mm-es","9":"pa_dzilums-221mm-es","10":"pa_materials-poliuretans-es","11":"pa_platums-1295mm-es","12":"pa_razotajs-gaudi-decor","14":"first","15":"instock","16":"shipping-taxable","17":"purchasable","18":"product-type-simple"},"acf":[],"_links":{"self":[{"href":"https:\/\/salonselements.com\/es\/wp-json\/wp\/v2\/product\/53984","targetHints":{"allow":["GET"]}}],"collection":[{"href":"https:\/\/salonselements.com\/es\/wp-json\/wp\/v2\/product"}],"about":[{"href":"https:\/\/salonselements.com\/es\/wp-json\/wp\/v2\/types\/product"}],"wp:featuredmedia":[{"embeddable":true,"href":"https:\/\/salonselements.com\/es\/wp-json\/wp\/v2\/media\/53993"}],"wp:attachment":[{"href":"https:\/\/salonselements.com\/es\/wp-json\/wp\/v2\/media?parent=53984"}],"wp:term":[{"taxonomy":"product_brand","embeddable":true,"href":"https:\/\/salonselements.com\/es\/wp-json\/wp\/v2\/product_brand?post=53984"},{"taxonomy":"product_cat","embeddable":true,"href":"https:\/\/salonselements.com\/es\/wp-json\/wp\/v2\/product_cat?post=53984"},{"taxonomy":"product_tag","embeddable":true,"href":"https:\/\/salonselements.com\/es\/wp-json\/wp\/v2\/product_tag?post=53984"}],"curies":[{"name":"wp","href":"https:\/\/api.w.org\/{rel}","templated":true}]}}