{"id":53816,"date":"2023-11-28T14:00:00","date_gmt":"2023-11-28T14:00:00","guid":{"rendered":"https:\/\/salonselements.lv\/produkts\/decoracion-1-60-021\/"},"modified":"2025-09-01T17:32:34","modified_gmt":"2025-09-01T17:32:34","slug":"decoracion-1-60-021","status":"publish","type":"product","link":"https:\/\/salonselements.com\/es\/produkts\/decoracion-1-60-021\/","title":{"rendered":"Decoraci\u00f3n 1.60.021"},"content":{"rendered":"<p><span data-sheets-root=\"1\">Adorno decorativo de poliuretano 1.60.021. Ideal para decorar paredes, techos y muebles. Gracias a sus propiedades \u00fanicas, es ligero, resistente a la humedad y a los rayos UV, lo que garantiza su durabilidad y f\u00e1cil instalaci\u00f3n.<\/span><\/p>\n","protected":false},"excerpt":{"rendered":"<p>Adorno decorativo de poliuretano 1.60.021. Ideal para decorar paredes, techos y muebles. Gracias a sus propiedades \u00fanicas, es ligero, resistente a la humedad y a los rayos UV, lo que garantiza su durabilidad y f\u00e1cil instalaci\u00f3n.<\/p>\n","protected":false},"featured_media":53821,"template":"","meta":{"_acf_changed":false},"product_brand":[],"product_cat":[10243,10245],"product_tag":[],"class_list":{"0":"post-53816","1":"product","2":"type-product","3":"status-publish","4":"has-post-thumbnail","6":"product_cat-elementos-decorativos","7":"product_cat-decoraciones","8":"pa_augstums-230mm-es","9":"pa_dzilums-43mm-es","10":"pa_materials-poliuretans-es","11":"pa_razotajs-gaudi-decor","13":"first","14":"instock","15":"shipping-taxable","16":"purchasable","17":"product-type-simple"},"acf":[],"_links":{"self":[{"href":"https:\/\/salonselements.com\/es\/wp-json\/wp\/v2\/product\/53816","targetHints":{"allow":["GET"]}}],"collection":[{"href":"https:\/\/salonselements.com\/es\/wp-json\/wp\/v2\/product"}],"about":[{"href":"https:\/\/salonselements.com\/es\/wp-json\/wp\/v2\/types\/product"}],"wp:featuredmedia":[{"embeddable":true,"href":"https:\/\/salonselements.com\/es\/wp-json\/wp\/v2\/media\/53821"}],"wp:attachment":[{"href":"https:\/\/salonselements.com\/es\/wp-json\/wp\/v2\/media?parent=53816"}],"wp:term":[{"taxonomy":"product_brand","embeddable":true,"href":"https:\/\/salonselements.com\/es\/wp-json\/wp\/v2\/product_brand?post=53816"},{"taxonomy":"product_cat","embeddable":true,"href":"https:\/\/salonselements.com\/es\/wp-json\/wp\/v2\/product_cat?post=53816"},{"taxonomy":"product_tag","embeddable":true,"href":"https:\/\/salonselements.com\/es\/wp-json\/wp\/v2\/product_tag?post=53816"}],"curies":[{"name":"wp","href":"https:\/\/api.w.org\/{rel}","templated":true}]}}