{"id":53562,"date":"2023-11-28T14:11:41","date_gmt":"2023-11-28T14:11:41","guid":{"rendered":"https:\/\/salonselements.lv\/produkts\/roseton-de-techo-1-56-042\/"},"modified":"2025-09-01T17:17:10","modified_gmt":"2025-09-01T17:17:10","slug":"roseton-de-techo-1-56-042","status":"publish","type":"product","link":"https:\/\/salonselements.com\/es\/produkts\/roseton-de-techo-1-56-042\/","title":{"rendered":"Roset\u00f3n de techo 1.56.042"},"content":{"rendered":"<p><span data-sheets-root=\"1\">Roset\u00f3n de techo de poliuretano 1.56.042. Una peque\u00f1a decoraci\u00f3n de techo de estilo moderno con un elegante relieve. Gracias a las propiedades \u00fanicas del material, es ligero, resistente a la humedad y a la radiaci\u00f3n UV, lo que garantiza una larga vida \u00fatil y una f\u00e1cil instalaci\u00f3n.<\/span><\/p>\n","protected":false},"excerpt":{"rendered":"<p>Roset\u00f3n de techo de poliuretano 1.56.042. Una peque\u00f1a decoraci\u00f3n de techo de estilo moderno con un elegante relieve. Gracias a las propiedades \u00fanicas del material, es ligero, resistente a la humedad y a la radiaci\u00f3n UV, lo que garantiza una larga vida \u00fatil y una f\u00e1cil instalaci\u00f3n.<\/p>\n","protected":false},"featured_media":53567,"template":"","meta":{"_acf_changed":false},"product_brand":[],"product_cat":[10242],"product_tag":[],"class_list":{"0":"post-53562","1":"product","2":"type-product","3":"status-publish","4":"has-post-thumbnail","6":"product_cat-decoracion-del-techo","7":"pa_diametrs-203mm-es","8":"pa_materials-poliuretans-es","9":"pa_razotajs-gaudi-decor","11":"first","12":"instock","13":"sale","14":"shipping-taxable","15":"purchasable","16":"product-type-simple"},"acf":[],"_links":{"self":[{"href":"https:\/\/salonselements.com\/es\/wp-json\/wp\/v2\/product\/53562","targetHints":{"allow":["GET"]}}],"collection":[{"href":"https:\/\/salonselements.com\/es\/wp-json\/wp\/v2\/product"}],"about":[{"href":"https:\/\/salonselements.com\/es\/wp-json\/wp\/v2\/types\/product"}],"wp:featuredmedia":[{"embeddable":true,"href":"https:\/\/salonselements.com\/es\/wp-json\/wp\/v2\/media\/53567"}],"wp:attachment":[{"href":"https:\/\/salonselements.com\/es\/wp-json\/wp\/v2\/media?parent=53562"}],"wp:term":[{"taxonomy":"product_brand","embeddable":true,"href":"https:\/\/salonselements.com\/es\/wp-json\/wp\/v2\/product_brand?post=53562"},{"taxonomy":"product_cat","embeddable":true,"href":"https:\/\/salonselements.com\/es\/wp-json\/wp\/v2\/product_cat?post=53562"},{"taxonomy":"product_tag","embeddable":true,"href":"https:\/\/salonselements.com\/es\/wp-json\/wp\/v2\/product_tag?post=53562"}],"curies":[{"name":"wp","href":"https:\/\/api.w.org\/{rel}","templated":true}]}}