{"id":52829,"date":"2023-11-28T14:20:22","date_gmt":"2023-11-28T14:20:22","guid":{"rendered":"https:\/\/salonselements.lv\/produkts\/moldeo-1-51-378\/"},"modified":"2025-09-01T17:10:07","modified_gmt":"2025-09-01T17:10:07","slug":"moldeo-1-51-378","status":"publish","type":"product","link":"https:\/\/salonselements.com\/es\/produkts\/moldeo-1-51-378\/","title":{"rendered":"Moldeo 1.51.378"},"content":{"rendered":"<p><span data-sheets-root=\"1\">Moldura de poliuretano 1.51.378: un perfil cl\u00e1sico que permite crear marcos decorativos, zonificar espacios, bordes de puertas y decorar muebles, manteniendo un estilo interior uniforme. Gracias a sus propiedades \u00fanicas, es ligero, resistente a la humedad y a los rayos UV. Tambi\u00e9n disponible en la versi\u00f3n flexible FLEX.<\/span><\/p>\n","protected":false},"excerpt":{"rendered":"<p>Moldura de poliuretano 1.51.378: un perfil cl\u00e1sico que permite crear marcos decorativos, zonificar espacios, bordes de puertas y decorar muebles, manteniendo un estilo interior uniforme. Gracias a sus propiedades \u00fanicas, es ligero, resistente a la humedad y a los rayos UV. Tambi\u00e9n disponible en la versi\u00f3n flexible FLEX.<\/p>\n","protected":false},"featured_media":52841,"template":"","meta":{"_acf_changed":false},"product_brand":[],"product_cat":[10239],"product_tag":[],"class_list":{"0":"post-52829","1":"product","2":"type-product","3":"status-publish","4":"has-post-thumbnail","6":"product_cat-molduras","7":"pa_augstums-21mm-es","8":"pa_garums-2000mm-es","9":"pa_materials-poliuretans-es","10":"pa_platums-9mm-es","11":"pa_razotajs-gaudi-decor","13":"first","14":"instock","15":"shipping-taxable","16":"purchasable","17":"product-type-simple"},"acf":[],"_links":{"self":[{"href":"https:\/\/salonselements.com\/es\/wp-json\/wp\/v2\/product\/52829","targetHints":{"allow":["GET"]}}],"collection":[{"href":"https:\/\/salonselements.com\/es\/wp-json\/wp\/v2\/product"}],"about":[{"href":"https:\/\/salonselements.com\/es\/wp-json\/wp\/v2\/types\/product"}],"wp:featuredmedia":[{"embeddable":true,"href":"https:\/\/salonselements.com\/es\/wp-json\/wp\/v2\/media\/52841"}],"wp:attachment":[{"href":"https:\/\/salonselements.com\/es\/wp-json\/wp\/v2\/media?parent=52829"}],"wp:term":[{"taxonomy":"product_brand","embeddable":true,"href":"https:\/\/salonselements.com\/es\/wp-json\/wp\/v2\/product_brand?post=52829"},{"taxonomy":"product_cat","embeddable":true,"href":"https:\/\/salonselements.com\/es\/wp-json\/wp\/v2\/product_cat?post=52829"},{"taxonomy":"product_tag","embeddable":true,"href":"https:\/\/salonselements.com\/es\/wp-json\/wp\/v2\/product_tag?post=52829"}],"curies":[{"name":"wp","href":"https:\/\/api.w.org\/{rel}","templated":true}]}}