{"id":52016,"date":"2023-11-28T14:19:31","date_gmt":"2023-11-28T14:19:31","guid":{"rendered":"https:\/\/salonselements.lv\/produkts\/moldeo-1-51-309\/"},"modified":"2025-09-01T17:10:55","modified_gmt":"2025-09-01T17:10:55","slug":"moldeo-1-51-309","status":"publish","type":"product","link":"https:\/\/salonselements.com\/es\/produkts\/moldeo-1-51-309\/","title":{"rendered":"Moldeo 1.51.309"},"content":{"rendered":"<p><span data-sheets-root=\"1\">Moldura de poliuretano 1.51.309: un perfil cl\u00e1sico que permite crear marcos decorativos, zonificar estancias, cenefas de puertas y decorar muebles, manteniendo un estilo interior uniforme. Gracias a sus propiedades \u00fanicas, es ligero, resistente a la humedad y a los rayos UV, lo que garantiza su durabilidad y f\u00e1cil instalaci\u00f3n. Tambi\u00e9n disponible en la versi\u00f3n flexible FLEX.<\/span><\/p>\n","protected":false},"excerpt":{"rendered":"<p>Moldura de poliuretano 1.51.309: un perfil cl\u00e1sico que permite crear marcos decorativos, zonificar estancias, cenefas de puertas y decorar muebles, manteniendo un estilo interior uniforme. Gracias a sus propiedades \u00fanicas, es ligero, resistente a la humedad y a los rayos UV, lo que garantiza su durabilidad y f\u00e1cil instalaci\u00f3n. Tambi\u00e9n disponible en la versi\u00f3n flexible [&hellip;]<\/p>\n","protected":false},"featured_media":52027,"template":"","meta":{"_acf_changed":false},"product_brand":[],"product_cat":[10239],"product_tag":[],"class_list":{"0":"post-52016","1":"product","2":"type-product","3":"status-publish","4":"has-post-thumbnail","6":"product_cat-molduras","7":"pa_augstums-74mm-es","8":"pa_garums-2000mm-es","9":"pa_materials-poliuretans-es","10":"pa_platums-21mm-es","11":"pa_razotajs-gaudi-decor","13":"first","14":"instock","15":"sale","16":"shipping-taxable","17":"purchasable","18":"product-type-simple"},"acf":[],"_links":{"self":[{"href":"https:\/\/salonselements.com\/es\/wp-json\/wp\/v2\/product\/52016","targetHints":{"allow":["GET"]}}],"collection":[{"href":"https:\/\/salonselements.com\/es\/wp-json\/wp\/v2\/product"}],"about":[{"href":"https:\/\/salonselements.com\/es\/wp-json\/wp\/v2\/types\/product"}],"wp:featuredmedia":[{"embeddable":true,"href":"https:\/\/salonselements.com\/es\/wp-json\/wp\/v2\/media\/52027"}],"wp:attachment":[{"href":"https:\/\/salonselements.com\/es\/wp-json\/wp\/v2\/media?parent=52016"}],"wp:term":[{"taxonomy":"product_brand","embeddable":true,"href":"https:\/\/salonselements.com\/es\/wp-json\/wp\/v2\/product_brand?post=52016"},{"taxonomy":"product_cat","embeddable":true,"href":"https:\/\/salonselements.com\/es\/wp-json\/wp\/v2\/product_cat?post=52016"},{"taxonomy":"product_tag","embeddable":true,"href":"https:\/\/salonselements.com\/es\/wp-json\/wp\/v2\/product_tag?post=52016"}],"curies":[{"name":"wp","href":"https:\/\/api.w.org\/{rel}","templated":true}]}}