{"id":51917,"date":"2023-11-28T14:19:02","date_gmt":"2023-11-28T14:19:02","guid":{"rendered":"https:\/\/salonselements.lv\/produkts\/moldeo-1-51-301\/"},"modified":"2025-09-01T17:11:19","modified_gmt":"2025-09-01T17:11:19","slug":"moldeo-1-51-301","status":"publish","type":"product","link":"https:\/\/salonselements.com\/es\/produkts\/moldeo-1-51-301\/","title":{"rendered":"Moldeo 1.51.301"},"content":{"rendered":"<p>Moldura de poliuretano 1.51.301: un perfil cl\u00e1sico que permite crear marcos decorativos, zonificar estancias, cenefas de puertas y decorar muebles, manteniendo un estilo interior uniforme. Gracias a sus propiedades \u00fanicas, es ligero, resistente a la humedad y a los rayos UV, lo que garantiza su durabilidad y f\u00e1cil instalaci\u00f3n. Tambi\u00e9n disponible en la versi\u00f3n flexible FLEX.<\/p>\n","protected":false},"excerpt":{"rendered":"<p>Moldura de poliuretano 1.51.301: un perfil cl\u00e1sico que permite crear marcos decorativos, zonificar estancias, cenefas de puertas y decorar muebles, manteniendo un estilo interior uniforme. Gracias a sus propiedades \u00fanicas, es ligero, resistente a la humedad y a los rayos UV, lo que garantiza su durabilidad y f\u00e1cil instalaci\u00f3n. Tambi\u00e9n disponible en la versi\u00f3n flexible [&hellip;]<\/p>\n","protected":false},"featured_media":51928,"template":"","meta":{"_acf_changed":false},"product_brand":[],"product_cat":[10239],"product_tag":[],"class_list":{"0":"post-51917","1":"product","2":"type-product","3":"status-publish","4":"has-post-thumbnail","6":"product_cat-molduras","7":"pa_augstums-42mm-es","8":"pa_garums-2000mm-es","9":"pa_materials-poliuretans-es","10":"pa_platums-16mm-es","11":"pa_razotajs-gaudi-decor","13":"first","14":"instock","15":"shipping-taxable","16":"purchasable","17":"product-type-simple"},"acf":[],"_links":{"self":[{"href":"https:\/\/salonselements.com\/es\/wp-json\/wp\/v2\/product\/51917","targetHints":{"allow":["GET"]}}],"collection":[{"href":"https:\/\/salonselements.com\/es\/wp-json\/wp\/v2\/product"}],"about":[{"href":"https:\/\/salonselements.com\/es\/wp-json\/wp\/v2\/types\/product"}],"wp:featuredmedia":[{"embeddable":true,"href":"https:\/\/salonselements.com\/es\/wp-json\/wp\/v2\/media\/51928"}],"wp:attachment":[{"href":"https:\/\/salonselements.com\/es\/wp-json\/wp\/v2\/media?parent=51917"}],"wp:term":[{"taxonomy":"product_brand","embeddable":true,"href":"https:\/\/salonselements.com\/es\/wp-json\/wp\/v2\/product_brand?post=51917"},{"taxonomy":"product_cat","embeddable":true,"href":"https:\/\/salonselements.com\/es\/wp-json\/wp\/v2\/product_cat?post=51917"},{"taxonomy":"product_tag","embeddable":true,"href":"https:\/\/salonselements.com\/es\/wp-json\/wp\/v2\/product_tag?post=51917"}],"curies":[{"name":"wp","href":"https:\/\/api.w.org\/{rel}","templated":true}]}}