{"id":51390,"date":"2023-11-28T14:16:08","date_gmt":"2023-11-28T14:16:08","guid":{"rendered":"https:\/\/salonselements.lv\/produkts\/cornisa-1-50-250\/"},"modified":"2025-09-01T17:12:46","modified_gmt":"2025-09-01T17:12:46","slug":"cornisa-1-50-250","status":"publish","type":"product","link":"https:\/\/salonselements.com\/es\/produkts\/cornisa-1-50-250\/","title":{"rendered":"Cornisa 1.50.250"},"content":{"rendered":"<p><span data-sheets-root=\"1\">Poliuret\u0101na karn\u012bze ar ornamentu 1.50.250 ir klasisks profils, kas nodro\u0161ina vienm\u0113r\u012bgu p\u0101reju starp sienu un griestiem. Pateicoties unik\u0101laj\u0101m materi\u0101la \u012bpa\u0161\u012bb\u0101m, t\u0101 ir viegla, mitrumiztur\u012bga un iztur\u012bga pret UV starojumu, nodro\u0161inot ilgm\u016b\u017e\u012bbu un vieglu uzst\u0101d\u012b\u0161anu.<\/span><\/p>\n","protected":false},"excerpt":{"rendered":"<p>Poliuret\u0101na karn\u012bze ar ornamentu 1.50.250 ir klasisks profils, kas nodro\u0161ina vienm\u0113r\u012bgu p\u0101reju starp sienu un griestiem. Pateicoties unik\u0101laj\u0101m materi\u0101la \u012bpa\u0161\u012bb\u0101m, t\u0101 ir viegla, mitrumiztur\u012bga un iztur\u012bga pret UV starojumu, nodro\u0161inot ilgm\u016b\u017e\u012bbu un vieglu uzst\u0101d\u012b\u0161anu.<\/p>\n","protected":false},"featured_media":51401,"template":"","meta":{"_acf_changed":false},"product_brand":[],"product_cat":[10234,10236],"product_tag":[],"class_list":{"0":"post-51390","1":"product","2":"type-product","3":"status-publish","4":"has-post-thumbnail","6":"product_cat-cornisas-de-techo","7":"product_cat-cornisas-con-adornos","8":"pa_augstums-164mm-es","9":"pa_garums-2000mm-es","10":"pa_materials-poliuretans-es","11":"pa_platums-73mm-es","12":"pa_razotajs-gaudi-decor","14":"first","15":"instock","16":"sale","17":"shipping-taxable","18":"purchasable","19":"product-type-simple"},"acf":[],"_links":{"self":[{"href":"https:\/\/salonselements.com\/es\/wp-json\/wp\/v2\/product\/51390","targetHints":{"allow":["GET"]}}],"collection":[{"href":"https:\/\/salonselements.com\/es\/wp-json\/wp\/v2\/product"}],"about":[{"href":"https:\/\/salonselements.com\/es\/wp-json\/wp\/v2\/types\/product"}],"wp:featuredmedia":[{"embeddable":true,"href":"https:\/\/salonselements.com\/es\/wp-json\/wp\/v2\/media\/51401"}],"wp:attachment":[{"href":"https:\/\/salonselements.com\/es\/wp-json\/wp\/v2\/media?parent=51390"}],"wp:term":[{"taxonomy":"product_brand","embeddable":true,"href":"https:\/\/salonselements.com\/es\/wp-json\/wp\/v2\/product_brand?post=51390"},{"taxonomy":"product_cat","embeddable":true,"href":"https:\/\/salonselements.com\/es\/wp-json\/wp\/v2\/product_cat?post=51390"},{"taxonomy":"product_tag","embeddable":true,"href":"https:\/\/salonselements.com\/es\/wp-json\/wp\/v2\/product_tag?post=51390"}],"curies":[{"name":"wp","href":"https:\/\/api.w.org\/{rel}","templated":true}]}}