{"id":51270,"date":"2023-11-28T14:14:15","date_gmt":"2023-11-28T14:14:15","guid":{"rendered":"https:\/\/salonselements.lv\/produkts\/cornisa-1-50-209\/"},"modified":"2025-09-01T17:14:25","modified_gmt":"2025-09-01T17:14:25","slug":"cornisa-1-50-209","status":"publish","type":"product","link":"https:\/\/salonselements.com\/es\/produkts\/cornisa-1-50-209\/","title":{"rendered":"Cornisa 1.50.209"},"content":{"rendered":"<p><span data-sheets-root=\"1\">La cornisa de poliuretano 1.50.209 es un perfil cl\u00e1sico que garantiza una transici\u00f3n fluida entre la pared y el techo. Gracias a las propiedades \u00fanicas del material, es ligero, resistente a la humedad y a la radiaci\u00f3n UV, lo que garantiza una larga vida \u00fatil y una f\u00e1cil instalaci\u00f3n.<\/span><\/p>\n","protected":false},"excerpt":{"rendered":"<p>La cornisa de poliuretano 1.50.209 es un perfil cl\u00e1sico que garantiza una transici\u00f3n fluida entre la pared y el techo. Gracias a las propiedades \u00fanicas del material, es ligero, resistente a la humedad y a la radiaci\u00f3n UV, lo que garantiza una larga vida \u00fatil y una f\u00e1cil instalaci\u00f3n.<\/p>\n","protected":false},"featured_media":51281,"template":"","meta":{"_acf_changed":false},"product_brand":[],"product_cat":[10234,10235],"product_tag":[],"class_list":{"0":"post-51270","1":"product","2":"type-product","3":"status-publish","4":"has-post-thumbnail","6":"product_cat-cornisas-de-techo","7":"product_cat-cornisas-de-perfil-liso","8":"pa_augstums-150mm-es","9":"pa_garums-2000mm-es","10":"pa_materials-poliuretans-es","11":"pa_platums-118mm-es","12":"pa_razotajs-gaudi-decor","14":"first","15":"instock","16":"shipping-taxable","17":"purchasable","18":"product-type-simple"},"acf":[],"_links":{"self":[{"href":"https:\/\/salonselements.com\/es\/wp-json\/wp\/v2\/product\/51270","targetHints":{"allow":["GET"]}}],"collection":[{"href":"https:\/\/salonselements.com\/es\/wp-json\/wp\/v2\/product"}],"about":[{"href":"https:\/\/salonselements.com\/es\/wp-json\/wp\/v2\/types\/product"}],"wp:featuredmedia":[{"embeddable":true,"href":"https:\/\/salonselements.com\/es\/wp-json\/wp\/v2\/media\/51281"}],"wp:attachment":[{"href":"https:\/\/salonselements.com\/es\/wp-json\/wp\/v2\/media?parent=51270"}],"wp:term":[{"taxonomy":"product_brand","embeddable":true,"href":"https:\/\/salonselements.com\/es\/wp-json\/wp\/v2\/product_brand?post=51270"},{"taxonomy":"product_cat","embeddable":true,"href":"https:\/\/salonselements.com\/es\/wp-json\/wp\/v2\/product_cat?post=51270"},{"taxonomy":"product_tag","embeddable":true,"href":"https:\/\/salonselements.com\/es\/wp-json\/wp\/v2\/product_tag?post=51270"}],"curies":[{"name":"wp","href":"https:\/\/api.w.org\/{rel}","templated":true}]}}